{"id":6291,"date":"2023-02-16T11:18:09","date_gmt":"2023-02-16T11:18:09","guid":{"rendered":"http:\/\/jeotermalenerji.com.tr\/?page_id=6291"},"modified":"2023-02-16T11:26:59","modified_gmt":"2023-02-16T11:26:59","slug":"keynote-2","status":"publish","type":"page","link":"http:\/\/jeotermalenerji.com.tr\/tr\/keynote-2\/","title":{"rendered":"\u00d6ns\u00f6z"},"content":{"rendered":"<div data-elementor-type=\"wp-page\" data-elementor-id=\"6291\" class=\"elementor elementor-6291\">\n\t\t\t\t\t\t\t\t\t<section class=\"elementor-section elementor-top-section elementor-element elementor-element-901fef4 elementor-section-boxed elementor-section-height-default elementor-section-height-default\" data-id=\"901fef4\" data-element_type=\"section\" data-settings=\"{&quot;_ha_eqh_enable&quot;:false}\">\n\t\t\t\t\t\t<div class=\"elementor-container elementor-column-gap-default\">\n\t\t\t\t\t<div class=\"elementor-column elementor-col-100 elementor-top-column elementor-element elementor-element-fec37f2\" data-id=\"fec37f2\" data-element_type=\"column\">\n\t\t\t<div class=\"elementor-widget-wrap elementor-element-populated\">\n\t\t\t\t\t\t\t\t<section class=\"elementor-section elementor-inner-section elementor-element elementor-element-b92e582 elementor-section-boxed elementor-section-height-default elementor-section-height-default\" data-id=\"b92e582\" data-element_type=\"section\" data-settings=\"{&quot;_ha_eqh_enable&quot;:false}\">\n\t\t\t\t\t\t<div class=\"elementor-container elementor-column-gap-default\">\n\t\t\t\t\t<div class=\"elementor-column elementor-col-100 elementor-inner-column elementor-element elementor-element-494c8c5\" data-id=\"494c8c5\" data-element_type=\"column\">\n\t\t\t<div class=\"elementor-widget-wrap elementor-element-populated\">\n\t\t\t\t\t\t\t\t<div class=\"elementor-element elementor-element-ad7e9d8 elementor-widget elementor-widget-image\" data-id=\"ad7e9d8\" data-element_type=\"widget\" data-widget_type=\"image.default\">\n\t\t\t\t<div class=\"elementor-widget-container\">\n\t\t\t\t\t\t\t\t\t\t\t\t\t\t\t<img loading=\"lazy\" decoding=\"async\" width=\"2560\" height=\"1439\" src=\"http:\/\/jeotermalenerji.com.tr\/wp-content\/uploads\/2023\/02\/keynote-scaled.jpg\" class=\"attachment-full size-full wp-image-6300\" alt=\"\" srcset=\"http:\/\/jeotermalenerji.com.tr\/wp-content\/uploads\/2023\/02\/keynote-scaled.jpg 2560w, http:\/\/jeotermalenerji.com.tr\/wp-content\/uploads\/2023\/02\/keynote-300x169.jpg 300w, http:\/\/jeotermalenerji.com.tr\/wp-content\/uploads\/2023\/02\/keynote-1024x575.jpg 1024w, http:\/\/jeotermalenerji.com.tr\/wp-content\/uploads\/2023\/02\/keynote-768x432.jpg 768w, http:\/\/jeotermalenerji.com.tr\/wp-content\/uploads\/2023\/02\/keynote-1536x863.jpg 1536w, http:\/\/jeotermalenerji.com.tr\/wp-content\/uploads\/2023\/02\/keynote-2048x1151.jpg 2048w, http:\/\/jeotermalenerji.com.tr\/wp-content\/uploads\/2023\/02\/keynote-18x10.jpg 18w, http:\/\/jeotermalenerji.com.tr\/wp-content\/uploads\/2023\/02\/keynote-570x320.jpg 570w, http:\/\/jeotermalenerji.com.tr\/wp-content\/uploads\/2023\/02\/keynote-270x152.jpg 270w\" sizes=\"auto, (max-width: 2560px) 100vw, 2560px\" \/>\t\t\t\t\t\t\t\t\t\t\t\t\t\t\t<\/div>\n\t\t\t\t<\/div>\n\t\t\t\t\t<\/div>\n\t\t<\/div>\n\t\t\t\t\t\t\t<\/div>\n\t\t<\/section>\n\t\t\t\t<div class=\"elementor-element elementor-element-0b352d7 elementor-widget elementor-widget-spacer\" data-id=\"0b352d7\" data-element_type=\"widget\" data-widget_type=\"spacer.default\">\n\t\t\t\t<div class=\"elementor-widget-container\">\n\t\t\t\t\t<div class=\"elementor-spacer\">\n\t\t\t<div class=\"elementor-spacer-inner\"><\/div>\n\t\t<\/div>\n\t\t\t\t<\/div>\n\t\t\t\t<\/div>\n\t\t\t\t\t<\/div>\n\t\t<\/div>\n\t\t\t\t\t\t\t<\/div>\n\t\t<\/section>\n\t\t\t\t<section class=\"elementor-section elementor-top-section elementor-element elementor-element-7045293 elementor-section-boxed elementor-section-height-default elementor-section-height-default\" data-id=\"7045293\" data-element_type=\"section\" data-settings=\"{&quot;_ha_eqh_enable&quot;:false}\">\n\t\t\t\t\t\t<div class=\"elementor-container elementor-column-gap-default\">\n\t\t\t\t\t<div class=\"elementor-column elementor-col-100 elementor-top-column elementor-element elementor-element-c86ca73\" data-id=\"c86ca73\" data-element_type=\"column\">\n\t\t\t<div class=\"elementor-widget-wrap elementor-element-populated\">\n\t\t\t\t\t\t\t\t<section class=\"elementor-section elementor-inner-section elementor-element elementor-element-abbd2e1 elementor-section-boxed elementor-section-height-default elementor-section-height-default\" data-id=\"abbd2e1\" data-element_type=\"section\" data-settings=\"{&quot;_ha_eqh_enable&quot;:false}\">\n\t\t\t\t\t\t<div class=\"elementor-container elementor-column-gap-default\">\n\t\t\t\t\t<div class=\"elementor-column elementor-col-100 elementor-inner-column elementor-element elementor-element-3be21ae\" data-id=\"3be21ae\" data-element_type=\"column\">\n\t\t\t<div class=\"elementor-widget-wrap elementor-element-populated\">\n\t\t\t\t\t\t\t\t<div class=\"elementor-element elementor-element-7f0d856 elementor-drop-cap-yes elementor-drop-cap-view-default elementor-widget elementor-widget-text-editor\" data-id=\"7f0d856\" data-element_type=\"widget\" data-settings=\"{&quot;drop_cap&quot;:&quot;yes&quot;}\" data-widget_type=\"text-editor.default\">\n\t\t\t\t<div class=\"elementor-widget-container\">\n\t\t\t\t\t\t\t<p>Jeotermal enerji, elektrik \u00fcretmek i\u00e7in yery\u00fcz\u00fcnden gelen \u0131s\u0131y\u0131 kullanan yenilenebilir 100% yerli, \u00fclkemize ait olan bir enerji kayna\u011f\u0131d\u0131r. \u00dclkemiz, jeotermal enerji \u00fcretimi s\u00f6z konusu oldu\u011funda, hen\u00fcz b\u00fcy\u00fck \u00f6l\u00e7\u00fcde kullan\u0131mda olmayan jeotermal kaynaklar\u0131 ile d\u00fcnyan\u0131n \u00f6nde gelen \u00fclkelerinden biridir. \u00dclkemiz, son on y\u0131lda jeotermal enerji kapasitesini d\u0131\u015fa ba\u011f\u0131ml\u0131l\u0131\u011f\u0131 en aza indirgemek ve bitirmek \u00fczere istikrarl\u0131 bir \u015fekilde artt\u0131r\u0131yor ve bu e\u011filimin \u00f6n\u00fcm\u00fczdeki y\u0131llarda da devam etmesi bekleniyor.<\/p><p>2021 itibariyle \u00fclkemiz, yakla\u015f\u0131k 1,7 GW jeotermal enerji kapasitesine sahiptir ve bu da bizi d\u00fcnyan\u0131n alt\u0131nc\u0131 en b\u00fcy\u00fck jeotermal enerji \u00fcreticisi yapmaktad\u0131r. Bu kapasitenin \u00e7o\u011fu, \u00fclkenin y\u00fcksek oranda jeotermal kaynak yo\u011funlu\u011funa sahip olan Ege b\u00f6lgesinde yer almaktad\u0131r. Bununla birlikte, Marmara, \u0130\u00e7 Anadolu ve Do\u011fu Anadolu b\u00f6lgeleri de dahil olmak \u00fczere \u00fclkenin di\u011fer b\u00f6lgelerinde de \u00f6nemli jeotermal kaynaklar bulunmaktad\u0131r.<\/p><p>\u00dclkemizde jeotermal enerji sekt\u00f6r\u00fc, devam eden yeni projeler ve geni\u015flemelerle son y\u0131llarda h\u0131zla b\u00fcy\u00fcyor. 2020 y\u0131l\u0131nda var olan kapasitemize yakla\u015f\u0131k 150 MW jeotermal daha eklendi ve bunun \u00f6n\u00fcm\u00fczdeki y\u0131llarda artmas\u0131 bekleniyor. Bu b\u00fcy\u00fcmeyi y\u00f6nlendiren fakt\u00f6rlerden biri, jeotermal de dahil olmak \u00fczere yenilenebilir enerjiye verilen destektir. T\u00fcrkiye, 2023 y\u0131l\u0131na kadar elektri\u011finin 'unu yenilenebilir kaynaklardan \u00fcretme hedefi belirledi ve jeotermalin bu hedefe ula\u015fmada \u00f6nemli bir rol oynamas\u0131 bekleniyor.<\/p><p>\u00dclkemizde jeotermal enerjinin b\u00fcy\u00fcmesini sa\u011flayan asli  fakt\u00f6r ise \u00fclkemizin bolca sahip oldu\u011fu jeotermal kaynaklar\u0131d\u0131r. T\u00fcrkiye, d\u00fcnyan\u0131n en b\u00fcy\u00fcklerinden biri olan 31 GW tahmini jeotermal potansiyele sahiptir. Bununla birlikte, bu potansiyelin \u015fimdiye kadar yaln\u0131zca k\u00fc\u00e7\u00fck bir k\u0131sm\u0131 kullan\u0131mda ve bu da gelecekteki milli b\u00fcy\u00fcme i\u00e7in de geni\u015f bir alan olu\u015fturmaktad\u0131r.<\/p><p>T\u00fcrkiye'deki jeotermal enerji sekt\u00f6r\u00fc de uluslararas\u0131 oyuncular\u0131n artan ilgisinden ve yat\u0131r\u0131m\u0131ndan yararlan\u0131yor. Son y\u0131llarda birka\u00e7 b\u00fcy\u00fck \u00e7ok uluslu \u015firket, jeotermal projelerinin geli\u015fimini h\u0131zland\u0131rmaya yard\u0131mc\u0131 olabilecek uzmanl\u0131k ve teknolojiyi getirerek T\u00fcrkiye jeotermal pazar\u0131na girdi.<\/p><p>T\u00fcrkiye'de jeotermal sekt\u00f6r\u00fcndeki bir\u00e7ok olumlu geli\u015fmeye ra\u011fmen, ele al\u0131nmas\u0131 gereken baz\u0131 zorluklar da var. Ana zorluklardan biri, jeotermal enerji projelerinin y\u00fcksek \u00f6n maliyetleridir. Bir jeotermal enerji santrali geli\u015ftirmek olduk\u00e7a maliyetli olabilir ve bu, baz\u0131 yat\u0131r\u0131mc\u0131lar\u0131 piyasaya girmekten cayd\u0131rabilir.<\/p><p>Sonu\u00e7 olarak, \u00dclkemizde jeotermal enerji sekt\u00f6r\u00fc \u00f6n\u00fcm\u00fczdeki y\u0131llarda b\u00fcy\u00fcmeye devam edecek. \u00dclkenin bol jeotermal kaynaklar\u0131, destekleyici bir h\u00fck\u00fcmet politikalar\u0131 ve yeerli ve uluslararas\u0131 oyuncular\u0131n artan yat\u0131r\u0131mlar\u0131 var ve bunlar\u0131n hepsi T\u00fcrkiye'de jeotermal enerjinin gelece\u011fi be enrjideki ba\u011f\u0131ms\u0131z T\u00fcrkiye i\u00e7in iyiye i\u015faret. Bununla birlikte, T\u00fcrkiye'de jeotermal enerji i\u00e7in s\u00fcrd\u00fcr\u00fclebilir b\u00fcy\u00fcme ve parlak bir gelecek sa\u011flamak i\u00e7in, jeotermal projelerin y\u00fcksek geli\u015ftirme maliyetleri ve \u00e7evresel etkileri dahil olmak \u00fczere sekt\u00f6r\u00fcn kar\u015f\u0131 kar\u015f\u0131ya oldu\u011fu zorluklar\u0131n ele al\u0131nmas\u0131 \u00f6nemli olacakt\u0131r.<\/p>\t\t\t\t\t\t<\/div>\n\t\t\t\t<\/div>\n\t\t\t\t\t<\/div>\n\t\t<\/div>\n\t\t\t\t\t\t\t<\/div>\n\t\t<\/section>\n\t\t\t\t\t<\/div>\n\t\t<\/div>\n\t\t\t\t\t\t\t<\/div>\n\t\t<\/section>\n\t\t\t\t<section class=\"elementor-section elementor-top-section elementor-element elementor-element-4ec5836 elementor-section-boxed elementor-section-height-default elementor-section-height-default\" data-id=\"4ec5836\" data-element_type=\"section\" data-settings=\"{&quot;_ha_eqh_enable&quot;:false}\">\n\t\t\t\t\t\t<div class=\"elementor-container elementor-column-gap-default\">\n\t\t\t\t\t<div class=\"elementor-column elementor-col-100 elementor-top-column elementor-element elementor-element-922a446\" data-id=\"922a446\" data-element_type=\"column\">\n\t\t\t<div class=\"elementor-widget-wrap elementor-element-populated\">\n\t\t\t\t\t\t\t\t<section class=\"elementor-section elementor-inner-section elementor-element elementor-element-c3aeb51 elementor-section-boxed elementor-section-height-default elementor-section-height-default\" data-id=\"c3aeb51\" data-element_type=\"section\" data-settings=\"{&quot;_ha_eqh_enable&quot;:false}\">\n\t\t\t\t\t\t<div class=\"elementor-container elementor-column-gap-default\">\n\t\t\t\t\t<div class=\"elementor-column elementor-col-25 elementor-inner-column elementor-element elementor-element-c09fdf6\" data-id=\"c09fdf6\" data-element_type=\"column\">\n\t\t\t<div class=\"elementor-widget-wrap elementor-element-populated\">\n\t\t\t\t\t\t\t\t<div class=\"elementor-element elementor-element-62ea94c elementor-view-default elementor-mobile-position-top elementor-vertical-align-top elementor-widget elementor-widget-icon-box\" data-id=\"62ea94c\" data-element_type=\"widget\" data-widget_type=\"icon-box.default\">\n\t\t\t\t<div class=\"elementor-widget-container\">\n\t\t\t\t\t<div class=\"elementor-icon-box-wrapper\">\n\t\t\t\t\t\t<div class=\"elementor-icon-box-icon\">\n\t\t\t\t<span class=\"elementor-icon elementor-animation-\" >\n\t\t\t\t<i aria-hidden=\"true\" class=\"fas fa-check-double\"><\/i>\t\t\t\t<\/span>\n\t\t\t<\/div>\n\t\t\t\t\t\t<div class=\"elementor-icon-box-content\">\n\t\t\t\t<h3 class=\"elementor-icon-box-title\">\n\t\t\t\t\t<span  >\n\t\t\t\t\t\tRe-Enjeksiyon\t\t\t\t\t<\/span>\n\t\t\t\t<\/h3>\n\t\t\t\t\t\t\t\t\t<p class=\"elementor-icon-box-description\">\n\t\t\t\t\t\trezervuardaki bas\u0131n\u00e7 seviyesinin korunmas\u0131na yard\u0131mc\u0131 olur. Reenjeksiyonun bir di\u011fer \u00f6nemli faydas\u0131, so\u011futulmu\u015f su ile kaya matrisinin s\u00fcrekli olarak y\u0131kanmas\u0131 sayesinde rezervuardan geri kazan\u0131labilir enerjinin \u00f6nemli \u00f6l\u00e7\u00fcde artmas\u0131d\u0131r.\t\t\t\t\t<\/p>\n\t\t\t\t\t\t\t<\/div>\n\t\t<\/div>\n\t\t\t\t<\/div>\n\t\t\t\t<\/div>\n\t\t\t\t\t<\/div>\n\t\t<\/div>\n\t\t\t\t<div class=\"elementor-column elementor-col-25 elementor-inner-column elementor-element elementor-element-929c746\" data-id=\"929c746\" data-element_type=\"column\">\n\t\t\t<div class=\"elementor-widget-wrap elementor-element-populated\">\n\t\t\t\t\t\t\t\t<div class=\"elementor-element elementor-element-a3e0a8a elementor-view-default elementor-mobile-position-top elementor-vertical-align-top elementor-widget elementor-widget-icon-box\" data-id=\"a3e0a8a\" data-element_type=\"widget\" data-widget_type=\"icon-box.default\">\n\t\t\t\t<div class=\"elementor-widget-container\">\n\t\t\t\t\t<div class=\"elementor-icon-box-wrapper\">\n\t\t\t\t\t\t<div class=\"elementor-icon-box-icon\">\n\t\t\t\t<span class=\"elementor-icon elementor-animation-\" >\n\t\t\t\t<i aria-hidden=\"true\" class=\"fas fa-power-off\"><\/i>\t\t\t\t<\/span>\n\t\t\t<\/div>\n\t\t\t\t\t\t<div class=\"elementor-icon-box-content\">\n\t\t\t\t<h3 class=\"elementor-icon-box-title\">\n\t\t\t\t\t<span  >\n\t\t\t\t\t\tJeotermal g\u00fc\u00e7\t\t\t\t\t<\/span>\n\t\t\t\t<\/h3>\n\t\t\t\t\t\t\t\t\t<p class=\"elementor-icon-box-description\">\n\t\t\t\t\t\t\u00fcretim tesisi b\u00fcy\u00fck \u00f6l\u00e7\u00fcde yaln\u0131zca yer y\u00fcz\u00fcnde \u00fcretilen fazla buhar\u0131 serbest b\u0131rak\u0131r, yer alt\u0131nda gelen hava veya s\u0131v\u0131'y\u0131 do\u011faya, yery\u00fcz\u00fcne salmaz. Bu nedenle jeotermal enerji santralleri temiz bir elektrik kayna\u011f\u0131 ve \u00fclkenin s\u0131f\u0131r karbonlu gelece\u011fine \u00f6nemli bir katk\u0131 sa\u011flar.\t\t\t\t\t<\/p>\n\t\t\t\t\t\t\t<\/div>\n\t\t<\/div>\n\t\t\t\t<\/div>\n\t\t\t\t<\/div>\n\t\t\t\t\t<\/div>\n\t\t<\/div>\n\t\t\t\t<div class=\"elementor-column elementor-col-25 elementor-inner-column elementor-element elementor-element-e24bdba\" data-id=\"e24bdba\" data-element_type=\"column\">\n\t\t\t<div class=\"elementor-widget-wrap elementor-element-populated\">\n\t\t\t\t\t\t\t\t<div class=\"elementor-element elementor-element-748ebc6 elementor-view-default elementor-mobile-position-top elementor-vertical-align-top elementor-widget elementor-widget-icon-box\" data-id=\"748ebc6\" data-element_type=\"widget\" data-widget_type=\"icon-box.default\">\n\t\t\t\t<div class=\"elementor-widget-container\">\n\t\t\t\t\t<div class=\"elementor-icon-box-wrapper\">\n\t\t\t\t\t\t<div class=\"elementor-icon-box-icon\">\n\t\t\t\t<span class=\"elementor-icon elementor-animation-\" >\n\t\t\t\t<i aria-hidden=\"true\" class=\"icon icon-energy-saving\"><\/i>\t\t\t\t<\/span>\n\t\t\t<\/div>\n\t\t\t\t\t\t<div class=\"elementor-icon-box-content\">\n\t\t\t\t<h3 class=\"elementor-icon-box-title\">\n\t\t\t\t\t<span  >\n\t\t\t\t\t\tJeotermal enerji\t\t\t\t\t<\/span>\n\t\t\t\t<\/h3>\n\t\t\t\t\t\t\t\t\t<p class=\"elementor-icon-box-description\">\n\t\t\t\t\t\ttemiz, g\u00fcvenilir ve yenilenebilir bir kaynak oldu\u011fu i\u00e7in en verimli ve s\u00fcrd\u00fcr\u00fclebilir enerji t\u00fcrlerinden biri olarak kabul edilir. Elektrik \u00fcretmek ve \u0131s\u0131tma ve so\u011futma sa\u011flamak i\u00e7in d\u00fcnya y\u00fczeyinin i\u00e7indeki \u0131s\u0131y\u0131 kullan\u0131r.\t\t\t\t\t<\/p>\n\t\t\t\t\t\t\t<\/div>\n\t\t<\/div>\n\t\t\t\t<\/div>\n\t\t\t\t<\/div>\n\t\t\t\t\t<\/div>\n\t\t<\/div>\n\t\t\t\t<div class=\"elementor-column elementor-col-25 elementor-inner-column elementor-element elementor-element-43b767a\" data-id=\"43b767a\" data-element_type=\"column\">\n\t\t\t<div class=\"elementor-widget-wrap elementor-element-populated\">\n\t\t\t\t\t\t\t\t<div class=\"elementor-element elementor-element-b0331b0 elementor-view-default elementor-mobile-position-top elementor-vertical-align-top elementor-widget elementor-widget-icon-box\" data-id=\"b0331b0\" data-element_type=\"widget\" data-widget_type=\"icon-box.default\">\n\t\t\t\t<div class=\"elementor-widget-container\">\n\t\t\t\t\t<div class=\"elementor-icon-box-wrapper\">\n\t\t\t\t\t\t<div class=\"elementor-icon-box-icon\">\n\t\t\t\t<span class=\"elementor-icon elementor-animation-\" >\n\t\t\t\t<i aria-hidden=\"true\" class=\"fas fa-globe\"><\/i>\t\t\t\t<\/span>\n\t\t\t<\/div>\n\t\t\t\t\t\t<div class=\"elementor-icon-box-content\">\n\t\t\t\t<h3 class=\"elementor-icon-box-title\">\n\t\t\t\t\t<span  >\n\t\t\t\t\t\tJeotermal kaynaklar\t\t\t\t\t<\/span>\n\t\t\t\t<\/h3>\n\t\t\t\t\t\t\t\t\t<p class=\"elementor-icon-box-description\">\n\t\t\t\t\t\tyenilenebilir bir enerjidir ve asla t\u00fckenmez. Bol miktarda jeotermal enerji, D\u00fcnya var oldu\u011fu s\u00fcrece mevcut olacakt\u0131r. D\u00fcnyan\u0131n i\u00e7 \u00e7ekirde\u011fi taraf\u0131ndan \u00fcretilen \u0131s\u0131dan yenilenebilir bir enerji kayna\u011f\u0131d\u0131r ve 7\/24\/365 kullan\u0131labilir.\t\t\t\t\t<\/p>\n\t\t\t\t\t\t\t<\/div>\n\t\t<\/div>\n\t\t\t\t<\/div>\n\t\t\t\t<\/div>\n\t\t\t\t\t<\/div>\n\t\t<\/div>\n\t\t\t\t\t\t\t<\/div>\n\t\t<\/section>\n\t\t\t\t<section class=\"elementor-section elementor-inner-section elementor-element elementor-element-15a4739 elementor-section-content-middle elementor-section-boxed elementor-section-height-default elementor-section-height-default\" data-id=\"15a4739\" data-element_type=\"section\" data-settings=\"{&quot;_ha_eqh_enable&quot;:false}\">\n\t\t\t\t\t\t<div class=\"elementor-container elementor-column-gap-extended\">\n\t\t\t\t\t<div class=\"elementor-column elementor-col-50 elementor-inner-column elementor-element elementor-element-bf0d607\" data-id=\"bf0d607\" data-element_type=\"column\">\n\t\t\t<div class=\"elementor-widget-wrap elementor-element-populated\">\n\t\t\t\t\t\t\t\t<div class=\"elementor-element elementor-element-cc9bd79 elementor-aspect-ratio-43 elementor-widget elementor-widget-Element_Ready_Widget_Video\" data-id=\"cc9bd79\" data-element_type=\"widget\" data-settings=\"{&quot;aspect_ratio&quot;:&quot;43&quot;}\" data-widget_type=\"Element_Ready_Widget_Video.default\">\n\t\t\t\t<div class=\"elementor-widget-container\">\n\t\t\t\t\t<div class=\"elementor-wrapper elementor-fit-aspect-ratio elementor-open-inline\">\r\n\t\t\t<iframe class=\"elementor-video-iframe\" allowfullscreen title=\"youtube Video Oynat\u0131c\u0131\" src=\"https:\/\/www.youtube-nocookie.com\/embed\/YHvL9gUOg0M?feature=oembed&amp;start&amp;end&amp;wmode=opaque&amp;loop=0&amp;controls=0&amp;mute=0&amp;rel=0&amp;modestbranding=0\"><\/iframe>\t\t<\/div>\r\n\t\t\t<\/div>\n\t\t\t\t<\/div>\n\t\t\t\t<div class=\"elementor-element elementor-element-e9fe476 elementor-widget elementor-widget-heading\" data-id=\"e9fe476\" data-element_type=\"widget\" data-widget_type=\"heading.default\">\n\t\t\t\t<div class=\"elementor-widget-container\">\n\t\t\t<h2 class=\"elementor-heading-title elementor-size-default\"><a href=\"https:\/\/www.youtube.com\/@telavivuniversity\" target=\"_blank\">Bu videonun orijinalini ve daha fazlas\u0131n\u0131 ayn\u0131 kaynaktan bir youtube kanal\u0131ndan izleyebilirsiniz. https:\/\/www.youtube.com\/@telavivuniversity<\/a><\/h2>\t\t<\/div>\n\t\t\t\t<\/div>\n\t\t\t\t\t<\/div>\n\t\t<\/div>\n\t\t\t\t<div class=\"elementor-column elementor-col-50 elementor-inner-column elementor-element elementor-element-bd0dc22\" data-id=\"bd0dc22\" data-element_type=\"column\">\n\t\t\t<div class=\"elementor-widget-wrap elementor-element-populated\">\n\t\t\t\t\t\t\t\t<div class=\"elementor-element elementor-element-689cd63 elementor-widget elementor-widget-heading\" data-id=\"689cd63\" data-element_type=\"widget\" data-widget_type=\"heading.default\">\n\t\t\t\t<div class=\"elementor-widget-container\">\n\t\t\t<h2 class=\"elementor-heading-title elementor-size-default\">D\u00fc\u015f\u00fck karbonlu enerji aileleri:<\/h2>\t\t<\/div>\n\t\t\t\t<\/div>\n\t\t\t\t<div class=\"elementor-element elementor-element-026df40 elementor-tabs-view-horizontal elementor-widget elementor-widget-tabs\" data-id=\"026df40\" data-element_type=\"widget\" data-widget_type=\"tabs.default\">\n\t\t\t\t<div class=\"elementor-widget-container\">\n\t\t\t\t\t<div class=\"elementor-tabs\">\r\n\t\t\t<div class=\"elementor-tabs-wrapper\" role=\"tablist\" >\r\n\t\t\t\t\t\t\t\t\t<div id=\"elementor-tab-title-2541\" class=\"elementor-tab-title elementor-tab-desktop-title\" aria-selected=\"true\" data-tab=\"1\" role=\"tab\" tabindex=\"0\" aria-controls=\"elementor-tab-content-2541\" aria-expanded=\"false\">Jeotermal<\/div>\r\n\t\t\t\t\t\t\t\t\t<div id=\"elementor-tab-title-2542\" class=\"elementor-tab-title elementor-tab-desktop-title\" aria-selected=\"false\" data-tab=\"2\" role=\"tab\" tabindex=\"-1\" aria-controls=\"elementor-tab-content-2542\" aria-expanded=\"false\">G\u00fcne\u015f<\/div>\r\n\t\t\t\t\t\t\t\t\t<div id=\"elementor-tab-title-2543\" class=\"elementor-tab-title elementor-tab-desktop-title\" aria-selected=\"false\" data-tab=\"3\" role=\"tab\" tabindex=\"-1\" aria-controls=\"elementor-tab-content-2543\" aria-expanded=\"false\">Rizgar<\/div>\r\n\t\t\t\t\t\t\t<\/div>\r\n\t\t\t<div class=\"elementor-tabs-content-wrapper\" role=\"tablist\" aria-orientation=\"vertical\">\r\n\t\t\t\t\t\t\t\t\t<div class=\"elementor-tab-title elementor-tab-mobile-title\" aria-selected=\"true\" data-tab=\"1\" role=\"tab\" tabindex=\"0\" aria-controls=\"elementor-tab-content-2541\" aria-expanded=\"false\">Jeotermal<\/div>\r\n\t\t\t\t\t<div id=\"elementor-tab-content-2541\" class=\"elementor-tab-content elementor-clearfix\" data-tab=\"1\" role=\"tabpanel\" aria-labelledby=\"elementor-tab-title-2541\" tabindex=\"0\" hidden=\"false\"><p>Jeotermal enerji, en az dezavantajla en fazla potansiyele sahiptir.<\/p><\/div>\r\n\t\t\t\t\t\t\t\t\t<div class=\"elementor-tab-title elementor-tab-mobile-title\" aria-selected=\"false\" data-tab=\"2\" role=\"tab\" tabindex=\"-1\" aria-controls=\"elementor-tab-content-2542\" aria-expanded=\"false\">G\u00fcne\u015f<\/div>\r\n\t\t\t\t\t<div id=\"elementor-tab-content-2542\" class=\"elementor-tab-content elementor-clearfix\" data-tab=\"2\" role=\"tabpanel\" aria-labelledby=\"elementor-tab-title-2542\" tabindex=\"0\" hidden=\"hidden\"><p>G\u00fcne\u015f panelleri, s\u0131f\u0131r emisyonla g\u00fc\u00e7 \u00fcretme yetene\u011fine sahiptir. \u00dcretilen g\u00fc\u00e7, enerji talebinizi beslemek i\u00e7in kullan\u0131labilir ve geleneksel enerji ihtiya\u00e7lar\u0131n\u0131 m\u00fckemmel bir \u015fekilde ye\u015fil enerji ile de\u011fi\u015ftirir.\u00a0<b>\u00dcretilen her bir kilovat ye\u015fil enerji, karbon ayak izini y\u0131lda 1360 Kg azaltabilir.<\/b>.<\/p><\/div>\r\n\t\t\t\t\t\t\t\t\t<div class=\"elementor-tab-title elementor-tab-mobile-title\" aria-selected=\"false\" data-tab=\"3\" role=\"tab\" tabindex=\"-1\" aria-controls=\"elementor-tab-content-2543\" aria-expanded=\"false\">Rizgar<\/div>\r\n\t\t\t\t\t<div id=\"elementor-tab-content-2543\" class=\"elementor-tab-content elementor-clearfix\" data-tab=\"3\" role=\"tabpanel\" aria-labelledby=\"elementor-tab-title-2543\" tabindex=\"0\" hidden=\"hidden\"><p>R\u00fczgar enerjisi, yine fosil yak\u0131tlar\u0131n\u0131 ihtiya\u00e7 duymadan uygulanabilir bir alternatifidir. CO2 veya di\u011fer hava kirleticileri yaymaz. \u00d6mr\u00fc boyunca neredeyse karbonsuz \u00e7al\u0131\u015f\u0131r.<\/p><\/div>\r\n\t\t\t\t\t\t\t<\/div>\r\n\t\t<\/div>\r\n\t\t\t\t<\/div>\n\t\t\t\t<\/div>\n\t\t\t\t\t<\/div>\n\t\t<\/div>\n\t\t\t\t\t\t\t<\/div>\n\t\t<\/section>\n\t\t\t\t\t<\/div>\n\t\t<\/div>\n\t\t\t\t\t\t\t<\/div>\n\t\t<\/section>\n\t\t\t\t\t\t\t<\/div>","protected":false},"excerpt":{"rendered":"<p>Geothermal energy is a renewable energy source that uses the heat from the earth to generate electricity. Turkey is one of the leading countries in the world when it comes to geothermal energy production, with vast geothermal resources that are largely untapped. The country has been steadily increasing its geothermal energy capacity over the past [&hellip;]<\/p>","protected":false},"author":1,"featured_media":0,"parent":0,"menu_order":0,"comment_status":"closed","ping_status":"closed","template":"page-templates\/breadcrumb.php","meta":{"footnotes":""},"class_list":["post-6291","page","type-page","status-publish","hentry"],"_links":{"self":[{"href":"http:\/\/jeotermalenerji.com.tr\/tr\/wp-json\/wp\/v2\/pages\/6291","targetHints":{"allow":["GET"]}}],"collection":[{"href":"http:\/\/jeotermalenerji.com.tr\/tr\/wp-json\/wp\/v2\/pages"}],"about":[{"href":"http:\/\/jeotermalenerji.com.tr\/tr\/wp-json\/wp\/v2\/types\/page"}],"author":[{"embeddable":true,"href":"http:\/\/jeotermalenerji.com.tr\/tr\/wp-json\/wp\/v2\/users\/1"}],"replies":[{"embeddable":true,"href":"http:\/\/jeotermalenerji.com.tr\/tr\/wp-json\/wp\/v2\/comments?post=6291"}],"version-history":[{"count":10,"href":"http:\/\/jeotermalenerji.com.tr\/tr\/wp-json\/wp\/v2\/pages\/6291\/revisions"}],"predecessor-version":[{"id":6303,"href":"http:\/\/jeotermalenerji.com.tr\/tr\/wp-json\/wp\/v2\/pages\/6291\/revisions\/6303"}],"wp:attachment":[{"href":"http:\/\/jeotermalenerji.com.tr\/tr\/wp-json\/wp\/v2\/media?parent=6291"}],"curies":[{"name":"wp","href":"https:\/\/api.w.org\/{rel}","templated":true}]}}