{"id":4915,"date":"2023-02-03T04:56:22","date_gmt":"2023-02-03T04:56:22","guid":{"rendered":"http:\/\/jeotermalenerji.com.tr\/?page_id=4915"},"modified":"2023-02-16T11:37:30","modified_gmt":"2023-02-16T11:37:30","slug":"importance-of-re-injection","status":"publish","type":"page","link":"https:\/\/jeotermalenerji.com.tr\/tr\/importance-of-re-injection\/","title":{"rendered":"Re-Enjeksiyonun \u00d6nemi"},"content":{"rendered":"<div data-elementor-type=\"wp-page\" data-elementor-id=\"4915\" class=\"elementor elementor-4915\">\n\t\t\t\t\t\t\t\t\t<section class=\"elementor-section elementor-top-section elementor-element elementor-element-901fef4 elementor-section-boxed elementor-section-height-default elementor-section-height-default\" data-id=\"901fef4\" data-element_type=\"section\" data-settings=\"{&quot;_ha_eqh_enable&quot;:false}\">\n\t\t\t\t\t\t<div class=\"elementor-container elementor-column-gap-default\">\n\t\t\t\t\t<div class=\"elementor-column elementor-col-100 elementor-top-column elementor-element elementor-element-fec37f2\" data-id=\"fec37f2\" data-element_type=\"column\">\n\t\t\t<div class=\"elementor-widget-wrap elementor-element-populated\">\n\t\t\t\t\t\t\t\t<section class=\"elementor-section elementor-inner-section elementor-element elementor-element-b92e582 elementor-section-boxed elementor-section-height-default elementor-section-height-default\" data-id=\"b92e582\" data-element_type=\"section\" data-settings=\"{&quot;_ha_eqh_enable&quot;:false}\">\n\t\t\t\t\t\t<div class=\"elementor-container elementor-column-gap-default\">\n\t\t\t\t\t<div class=\"elementor-column elementor-col-100 elementor-inner-column elementor-element elementor-element-494c8c5\" data-id=\"494c8c5\" data-element_type=\"column\">\n\t\t\t<div class=\"elementor-widget-wrap elementor-element-populated\">\n\t\t\t\t\t\t\t\t<div class=\"elementor-element elementor-element-ad7e9d8 elementor-widget elementor-widget-image\" data-id=\"ad7e9d8\" data-element_type=\"widget\" data-widget_type=\"image.default\">\n\t\t\t\t<div class=\"elementor-widget-container\">\n\t\t\t\t\t\t\t\t\t\t\t\t\t\t\t<img loading=\"lazy\" decoding=\"async\" width=\"1200\" height=\"783\" src=\"https:\/\/jeotermalenerji.com.tr\/wp-content\/uploads\/2023\/02\/re-incection-001.jpg\" class=\"attachment-full size-full wp-image-4920\" alt=\"\" srcset=\"https:\/\/jeotermalenerji.com.tr\/wp-content\/uploads\/2023\/02\/re-incection-001.jpg 1200w, https:\/\/jeotermalenerji.com.tr\/wp-content\/uploads\/2023\/02\/re-incection-001-300x196.jpg 300w, https:\/\/jeotermalenerji.com.tr\/wp-content\/uploads\/2023\/02\/re-incection-001-1024x668.jpg 1024w, https:\/\/jeotermalenerji.com.tr\/wp-content\/uploads\/2023\/02\/re-incection-001-768x501.jpg 768w, https:\/\/jeotermalenerji.com.tr\/wp-content\/uploads\/2023\/02\/re-incection-001-18x12.jpg 18w, https:\/\/jeotermalenerji.com.tr\/wp-content\/uploads\/2023\/02\/re-incection-001-506x330.jpg 506w, https:\/\/jeotermalenerji.com.tr\/wp-content\/uploads\/2023\/02\/re-incection-001-270x176.jpg 270w\" sizes=\"auto, (max-width: 1200px) 100vw, 1200px\" \/>\t\t\t\t\t\t\t\t\t\t\t\t\t\t\t<\/div>\n\t\t\t\t<\/div>\n\t\t\t\t\t<\/div>\n\t\t<\/div>\n\t\t\t\t\t\t\t<\/div>\n\t\t<\/section>\n\t\t\t\t<div class=\"elementor-element elementor-element-5e93a3f elementor-widget elementor-widget-heading\" data-id=\"5e93a3f\" data-element_type=\"widget\" data-widget_type=\"heading.default\">\n\t\t\t\t<div class=\"elementor-widget-container\">\n\t\t\t<h2 class=\"elementor-heading-title elementor-size-default\">Is\u0131 al\u0131\u015fveri\u015fi s\u00fcrecinden hemen sonra yer alt\u0131ndan al\u0131nan su, geldi\u011fi yere, ter alt\u0131 kayna\u011f\u0131na geri verilir.\u200b<\/h2>\t\t<\/div>\n\t\t\t\t<\/div>\n\t\t\t\t<div class=\"elementor-element elementor-element-eeacacf elementor-widget elementor-widget-spacer\" data-id=\"eeacacf\" data-element_type=\"widget\" data-widget_type=\"spacer.default\">\n\t\t\t\t<div class=\"elementor-widget-container\">\n\t\t\t\t\t<div class=\"elementor-spacer\">\n\t\t\t<div class=\"elementor-spacer-inner\"><\/div>\n\t\t<\/div>\n\t\t\t\t<\/div>\n\t\t\t\t<\/div>\n\t\t\t\t<div class=\"elementor-element elementor-element-e5986a0 elementor-widget elementor-widget-text-editor\" data-id=\"e5986a0\" data-element_type=\"widget\" data-widget_type=\"text-editor.default\">\n\t\t\t\t<div class=\"elementor-widget-container\">\n\t\t\t\t\t\t\t<p>Reenjeksiyon, jeotermal enerji santrallerinde kritik bir i\u015flemdir \u00e7\u00fcnk\u00fc kayna\u011f\u0131n uzun vadeli uygulanabilirli\u011fini s\u00fcrd\u00fcrmeye ve t\u00fckenmeyi \u00f6nlemeye yard\u0131mc\u0131 olur. Bir jeotermal enerji santralinde, elektrik \u00fcretmek i\u00e7in yeralt\u0131 kayna\u011f\u0131ndan s\u0131cak su veya buhar \u00e7\u0131kar\u0131l\u0131r. \u00c7\u0131kar\u0131lan su veya buhar yeniden yerine g\u00f6nderilip doldurulmazsa, jeotermal rezervuar zamanla so\u011fuyarak g\u00fc\u00e7 \u00fcretme kabiliyetini azaltabilir. Buras\u0131 reenjeksiyonun devreye girdi\u011fi yerdir.\n\nReenjeksiyon ayr\u0131ca, jeotermal enerji \u00fcretimi s\u0131ras\u0131nda a\u00e7\u0131\u011fa \u00e7\u0131kma ihtimali olan b\u00e7lgeye dayal\u0131 olas\u0131 gazlar\u0131n atmosfere sal\u0131nmas\u0131n\u0131 da engeller.<\/p><p>Re-enjeksiyon, elektrik \u00fcretmek i\u00e7in kullan\u0131ld\u0131ktan sonra kullan\u0131lm\u0131\u015f su veya buhar\u0131n jeotermal rezervuara geri d\u00f6nd\u00fcr\u00fclmesini i\u00e7erir. Bu, s\u00fcrd\u00fcr\u00fclebilir jeotermal enerji \u00fcretimi i\u00e7in kritik olan rezervuar\u0131n bas\u0131nc\u0131n\u0131 ve s\u0131cakl\u0131\u011f\u0131n\u0131 korumaya yard\u0131mc\u0131 olur. Harcanan s\u0131v\u0131n\u0131n yeniden enjekte edilmesiyle jeotermal rezervuar yeniden doldurulur ve ayn\u0131 su veya buhar gelecekte daha fazla elektrik \u00fcretmek i\u00e7in yeniden be tekrar tekrar kullan\u0131labilir.<\/p><p>Reenjeksiyonun ayr\u0131ca \u00f6nemli \u00e7evresel faydalar\u0131 vard\u0131r. \u00c7\u0131kar\u0131lan s\u0131v\u0131n\u0131n rezervuara geri enjekte edildi\u011fi jeotermal santraller kapal\u0131 devre \u00e7al\u0131\u015f\u0131r, yr alt\u0131 kayna\u011f\u0131ndan gelen su ve buhar asla yeryizi ile temas etmez vee \u00e7evresel etki yok denecek kadar azd\u0131r veya hi\u00e7 yoktur. \u0130\u015flem kesinlikle herhangi bir emisyon veya at\u0131k \u00fcretmez ve herhangi bir ek yeralt\u0131 kayna\u011f\u0131ndaki suyu eksiltmez ve\/veya t\u00fcketmez. Bu durum, jeotermal enerjiyi mevcut en temiz ve en s\u00fcrd\u00fcr\u00fclebilir enerji kaynaklar\u0131ndan biri yapar.<\/p><p>Re-enjeksiyon sadece jeotermal enerji santrallerinin uzun vadeli uygulanabilirli\u011fi i\u00e7in de\u011fil, ayn\u0131 zamanda as\u0131l olarak \u00e7evre i\u00e7in \u00f6nemlidir. Harcanan s\u0131v\u0131lar\u0131n tama\u0131 ile kapal\u0131 devre bir sistemde rezervuara geri enjekte edilmesiyle rezervuar\u0131n bas\u0131nc\u0131 ve s\u0131cakl\u0131\u011f\u0131 korunur ve \u00e7evresel etkisi olmaz.<\/p><p>\u00d6zetle, reenjeksiyon, jeotermal enerji santrallerinde olmas\u0131 zorunlu olan uygulamad\u0131r, \u00e7\u00fcnk\u00fc kayna\u011f\u0131n uzun vadeli kullan\u0131m\u0131n\u0131 s\u00fcrd\u00fcrmeye, t\u00fckenmeyi \u00f6nlemeye ve \u00e7evreyi korumaya yard\u0131mc\u0131 olur. Jeotermal rezervuarlar\u0131 yeniden doldurarak ve bas\u0131nc\u0131 ve s\u0131cakl\u0131\u011f\u0131 koruyarak, yeniden enjeksiyon, jeotermal enerjinin uzun y\u0131llar boyunca \u00fcretilebilmesini sa\u011flayarak onu mevcut en g\u00fcvenilir ve s\u00fcrd\u00fcr\u00fclebilir enerji kaynaklar\u0131ndan biri haline getirir.<\/p>\t\t\t\t\t\t<\/div>\n\t\t\t\t<\/div>\n\t\t\t\t<div class=\"elementor-element elementor-element-8f128df elementor-widget elementor-widget-Element_Ready_Area_Title_Widget\" data-id=\"8f128df\" data-element_type=\"widget\" data-widget_type=\"Element_Ready_Area_Title_Widget.default\">\n\t\t\t\t<div class=\"elementor-widget-container\">\n\t\t\t<div class=\"area__content\">\t\t\r\n\t\t\t\t\r\n\t\t\t\t\r\n\t\t\t\t\r\n\t\t\t\t<\/div>\t\t<\/div>\n\t\t\t\t<\/div>\n\t\t\t\t<div class=\"elementor-element elementor-element-bbbde17 elementor-widget elementor-widget-text-editor\" data-id=\"bbbde17\" data-element_type=\"widget\" data-widget_type=\"text-editor.default\">\n\t\t\t\t<div class=\"elementor-widget-container\">\n\t\t\t\t\t\t\t\t\t\t\t\t\t<\/div>\n\t\t\t\t<\/div>\n\t\t\t\t\t<\/div>\n\t\t<\/div>\n\t\t\t\t\t\t\t<\/div>\n\t\t<\/section>\n\t\t\t\t<section class=\"elementor-section elementor-top-section elementor-element elementor-element-7045293 elementor-section-boxed elementor-section-height-default elementor-section-height-default\" data-id=\"7045293\" data-element_type=\"section\" data-settings=\"{&quot;_ha_eqh_enable&quot;:false}\">\n\t\t\t\t\t\t<div class=\"elementor-container elementor-column-gap-default\">\n\t\t\t\t\t<div class=\"elementor-column elementor-col-100 elementor-top-column elementor-element elementor-element-c86ca73\" data-id=\"c86ca73\" data-element_type=\"column\">\n\t\t\t<div class=\"elementor-widget-wrap elementor-element-populated\">\n\t\t\t\t\t\t\t\t<section class=\"elementor-section elementor-inner-section elementor-element elementor-element-e4eba8b elementor-section-boxed elementor-section-height-default elementor-section-height-default\" data-id=\"e4eba8b\" data-element_type=\"section\" data-settings=\"{&quot;_ha_eqh_enable&quot;:false}\">\n\t\t\t\t\t\t<div class=\"elementor-container elementor-column-gap-default\">\n\t\t\t\t\t<div class=\"elementor-column elementor-col-25 elementor-inner-column elementor-element elementor-element-c653f5d\" data-id=\"c653f5d\" data-element_type=\"column\">\n\t\t\t<div class=\"elementor-widget-wrap elementor-element-populated\">\n\t\t\t\t\t\t\t\t<div class=\"elementor-element elementor-element-7c8ee4f elementor-view-default elementor-mobile-position-top elementor-vertical-align-top elementor-widget elementor-widget-icon-box\" data-id=\"7c8ee4f\" data-element_type=\"widget\" data-widget_type=\"icon-box.default\">\n\t\t\t\t<div class=\"elementor-widget-container\">\n\t\t\t\t\t<div class=\"elementor-icon-box-wrapper\">\n\t\t\t\t\t\t<div class=\"elementor-icon-box-icon\">\n\t\t\t\t<span class=\"elementor-icon elementor-animation-\" >\n\t\t\t\t<i aria-hidden=\"true\" class=\"fas fa-check-double\"><\/i>\t\t\t\t<\/span>\n\t\t\t<\/div>\n\t\t\t\t\t\t<div class=\"elementor-icon-box-content\">\n\t\t\t\t<h3 class=\"elementor-icon-box-title\">\n\t\t\t\t\t<span  >\n\t\t\t\t\t\tRe-Enjeksiyon\t\t\t\t\t<\/span>\n\t\t\t\t<\/h3>\n\t\t\t\t\t\t\t\t\t<p class=\"elementor-icon-box-description\">\n\t\t\t\t\t\trezervuardaki bas\u0131n\u00e7 seviyesinin korunmas\u0131na yard\u0131mc\u0131 olur. Reenjeksiyonun bir di\u011fer \u00f6nemli faydas\u0131, so\u011futulmu\u015f su ile kaya matrisinin s\u00fcrekli olarak y\u0131kanmas\u0131 sayesinde rezervuardan geri kazan\u0131labilir enerjinin \u00f6nemli \u00f6l\u00e7\u00fcde artmas\u0131d\u0131r.\t\t\t\t\t<\/p>\n\t\t\t\t\t\t\t<\/div>\n\t\t<\/div>\n\t\t\t\t<\/div>\n\t\t\t\t<\/div>\n\t\t\t\t\t<\/div>\n\t\t<\/div>\n\t\t\t\t<div class=\"elementor-column elementor-col-25 elementor-inner-column elementor-element elementor-element-8ef63d5\" data-id=\"8ef63d5\" data-element_type=\"column\">\n\t\t\t<div class=\"elementor-widget-wrap elementor-element-populated\">\n\t\t\t\t\t\t\t\t<div class=\"elementor-element elementor-element-494399e elementor-view-default elementor-mobile-position-top elementor-vertical-align-top elementor-widget elementor-widget-icon-box\" data-id=\"494399e\" data-element_type=\"widget\" data-widget_type=\"icon-box.default\">\n\t\t\t\t<div class=\"elementor-widget-container\">\n\t\t\t\t\t<div class=\"elementor-icon-box-wrapper\">\n\t\t\t\t\t\t<div class=\"elementor-icon-box-icon\">\n\t\t\t\t<span class=\"elementor-icon elementor-animation-\" >\n\t\t\t\t<i aria-hidden=\"true\" class=\"fas fa-power-off\"><\/i>\t\t\t\t<\/span>\n\t\t\t<\/div>\n\t\t\t\t\t\t<div class=\"elementor-icon-box-content\">\n\t\t\t\t<h3 class=\"elementor-icon-box-title\">\n\t\t\t\t\t<span  >\n\t\t\t\t\t\tJeotermal g\u00fc\u00e7\t\t\t\t\t<\/span>\n\t\t\t\t<\/h3>\n\t\t\t\t\t\t\t\t\t<p class=\"elementor-icon-box-description\">\n\t\t\t\t\t\t\u00fcretim tesisi b\u00fcy\u00fck \u00f6l\u00e7\u00fcde yaln\u0131zca yer y\u00fcz\u00fcnde \u00fcretilen fazla buhar\u0131 serbest b\u0131rak\u0131r, yer alt\u0131nda gelen hava veya s\u0131v\u0131'y\u0131 do\u011faya, yery\u00fcz\u00fcne salmaz. Bu nedenle jeotermal enerji santralleri temiz bir elektrik kayna\u011f\u0131 ve \u00fclkenin s\u0131f\u0131r karbonlu gelece\u011fine \u00f6nemli bir katk\u0131 sa\u011flar.\t\t\t\t\t<\/p>\n\t\t\t\t\t\t\t<\/div>\n\t\t<\/div>\n\t\t\t\t<\/div>\n\t\t\t\t<\/div>\n\t\t\t\t\t<\/div>\n\t\t<\/div>\n\t\t\t\t<div class=\"elementor-column elementor-col-25 elementor-inner-column elementor-element elementor-element-188f727\" data-id=\"188f727\" data-element_type=\"column\">\n\t\t\t<div class=\"elementor-widget-wrap elementor-element-populated\">\n\t\t\t\t\t\t\t\t<div class=\"elementor-element elementor-element-1dfbe56 elementor-view-default elementor-mobile-position-top elementor-vertical-align-top elementor-widget elementor-widget-icon-box\" data-id=\"1dfbe56\" data-element_type=\"widget\" data-widget_type=\"icon-box.default\">\n\t\t\t\t<div class=\"elementor-widget-container\">\n\t\t\t\t\t<div class=\"elementor-icon-box-wrapper\">\n\t\t\t\t\t\t<div class=\"elementor-icon-box-icon\">\n\t\t\t\t<span class=\"elementor-icon elementor-animation-\" >\n\t\t\t\t<i aria-hidden=\"true\" class=\"icon icon-energy-saving\"><\/i>\t\t\t\t<\/span>\n\t\t\t<\/div>\n\t\t\t\t\t\t<div class=\"elementor-icon-box-content\">\n\t\t\t\t<h3 class=\"elementor-icon-box-title\">\n\t\t\t\t\t<span  >\n\t\t\t\t\t\tJeotermal enerji\t\t\t\t\t<\/span>\n\t\t\t\t<\/h3>\n\t\t\t\t\t\t\t\t\t<p class=\"elementor-icon-box-description\">\n\t\t\t\t\t\ttemiz, g\u00fcvenilir ve yenilenebilir bir kaynak oldu\u011fu i\u00e7in en verimli ve s\u00fcrd\u00fcr\u00fclebilir enerji t\u00fcrlerinden biri olarak kabul edilir. Elektrik \u00fcretmek ve \u0131s\u0131tma ve so\u011futma sa\u011flamak i\u00e7in d\u00fcnya y\u00fczeyinin i\u00e7indeki \u0131s\u0131y\u0131 kullan\u0131r.\t\t\t\t\t<\/p>\n\t\t\t\t\t\t\t<\/div>\n\t\t<\/div>\n\t\t\t\t<\/div>\n\t\t\t\t<\/div>\n\t\t\t\t\t<\/div>\n\t\t<\/div>\n\t\t\t\t<div class=\"elementor-column elementor-col-25 elementor-inner-column elementor-element elementor-element-14de646\" data-id=\"14de646\" data-element_type=\"column\">\n\t\t\t<div class=\"elementor-widget-wrap elementor-element-populated\">\n\t\t\t\t\t\t\t\t<div class=\"elementor-element elementor-element-947d7b2 elementor-view-default elementor-mobile-position-top elementor-vertical-align-top elementor-widget elementor-widget-icon-box\" data-id=\"947d7b2\" data-element_type=\"widget\" data-widget_type=\"icon-box.default\">\n\t\t\t\t<div class=\"elementor-widget-container\">\n\t\t\t\t\t<div class=\"elementor-icon-box-wrapper\">\n\t\t\t\t\t\t<div class=\"elementor-icon-box-icon\">\n\t\t\t\t<span class=\"elementor-icon elementor-animation-\" >\n\t\t\t\t<i aria-hidden=\"true\" class=\"fas fa-globe\"><\/i>\t\t\t\t<\/span>\n\t\t\t<\/div>\n\t\t\t\t\t\t<div class=\"elementor-icon-box-content\">\n\t\t\t\t<h3 class=\"elementor-icon-box-title\">\n\t\t\t\t\t<span  >\n\t\t\t\t\t\tJeotermal kaynaklar\t\t\t\t\t<\/span>\n\t\t\t\t<\/h3>\n\t\t\t\t\t\t\t\t\t<p class=\"elementor-icon-box-description\">\n\t\t\t\t\t\tyenilenebilir bir enerjidir ve asla t\u00fckenmez. Bol miktarda jeotermal enerji, D\u00fcnya var oldu\u011fu s\u00fcrece mevcut olacakt\u0131r. D\u00fcnyan\u0131n i\u00e7 \u00e7ekirde\u011fi taraf\u0131ndan \u00fcretilen \u0131s\u0131dan yenilenebilir bir enerji kayna\u011f\u0131d\u0131r ve 7\/24\/365 kullan\u0131labilir.\t\t\t\t\t<\/p>\n\t\t\t\t\t\t\t<\/div>\n\t\t<\/div>\n\t\t\t\t<\/div>\n\t\t\t\t<\/div>\n\t\t\t\t\t<\/div>\n\t\t<\/div>\n\t\t\t\t\t\t\t<\/div>\n\t\t<\/section>\n\t\t\t\t\t<\/div>\n\t\t<\/div>\n\t\t\t\t\t\t\t<\/div>\n\t\t<\/section>\n\t\t\t\t<section class=\"elementor-section elementor-top-section elementor-element elementor-element-4ec5836 elementor-section-boxed elementor-section-height-default elementor-section-height-default\" data-id=\"4ec5836\" data-element_type=\"section\" data-settings=\"{&quot;_ha_eqh_enable&quot;:false}\">\n\t\t\t\t\t\t<div class=\"elementor-container elementor-column-gap-default\">\n\t\t\t\t\t<div class=\"elementor-column elementor-col-100 elementor-top-column elementor-element elementor-element-922a446\" data-id=\"922a446\" data-element_type=\"column\">\n\t\t\t<div class=\"elementor-widget-wrap elementor-element-populated\">\n\t\t\t\t\t\t\t\t<section class=\"elementor-section elementor-inner-section elementor-element elementor-element-15a4739 elementor-section-content-middle elementor-section-boxed elementor-section-height-default elementor-section-height-default\" data-id=\"15a4739\" data-element_type=\"section\" data-settings=\"{&quot;_ha_eqh_enable&quot;:false}\">\n\t\t\t\t\t\t<div class=\"elementor-container elementor-column-gap-extended\">\n\t\t\t\t\t<div class=\"elementor-column elementor-col-50 elementor-inner-column elementor-element elementor-element-bf0d607\" data-id=\"bf0d607\" data-element_type=\"column\">\n\t\t\t<div class=\"elementor-widget-wrap elementor-element-populated\">\n\t\t\t\t\t\t\t\t<div class=\"elementor-element elementor-element-cc9bd79 elementor-aspect-ratio-43 elementor-widget elementor-widget-Element_Ready_Widget_Video\" data-id=\"cc9bd79\" data-element_type=\"widget\" data-settings=\"{&quot;aspect_ratio&quot;:&quot;43&quot;,&quot;lightbox&quot;:&quot;yes&quot;}\" data-widget_type=\"Element_Ready_Widget_Video.default\">\n\t\t\t\t<div class=\"elementor-widget-container\">\n\t\t\t\t\t<div class=\"elementor-wrapper elementor-open-lightbox\">\r\n\t\t\t\t\t\t\t<div class=\"elementor-custom-embed-image-overlay\" data-elementor-open-lightbox=\"yes\" data-elementor-lightbox=\"{&quot;type&quot;:&quot;video&quot;,&quot;videoType&quot;:&quot;youtube&quot;,&quot;url&quot;:&quot;https:\\\/\\\/www.youtube-nocookie.com\\\/embed\\\/Bwoq1tnRtwo?feature=oembed&amp;start&amp;end&amp;wmode=opaque&amp;loop=0&amp;controls=0&amp;mute=0&amp;rel=0&amp;modestbranding=0&quot;,&quot;modalOptions&quot;:{&quot;id&quot;:&quot;elementor-lightbox-cc9bd79&quot;,&quot;entranceAnimation&quot;:&quot;&quot;,&quot;entranceAnimation_tablet&quot;:&quot;&quot;,&quot;entranceAnimation_mobile&quot;:&quot;&quot;,&quot;videoAspectRatio&quot;:&quot;43&quot;}}\">\r\n\t\t\t\t\t\t\t\t\t\t\t<img loading=\"lazy\" decoding=\"async\" width=\"850\" height=\"581\" src=\"https:\/\/jeotermalenerji.com.tr\/wp-content\/uploads\/2021\/03\/Harnessing-geothermal-energy.jpg\" class=\"attachment-full size-full wp-image-4054\" alt=\"\" srcset=\"https:\/\/jeotermalenerji.com.tr\/wp-content\/uploads\/2021\/03\/Harnessing-geothermal-energy.jpg 850w, https:\/\/jeotermalenerji.com.tr\/wp-content\/uploads\/2021\/03\/Harnessing-geothermal-energy-300x205.jpg 300w, https:\/\/jeotermalenerji.com.tr\/wp-content\/uploads\/2021\/03\/Harnessing-geothermal-energy-768x525.jpg 768w, https:\/\/jeotermalenerji.com.tr\/wp-content\/uploads\/2021\/03\/Harnessing-geothermal-energy-18x12.jpg 18w, https:\/\/jeotermalenerji.com.tr\/wp-content\/uploads\/2021\/03\/Harnessing-geothermal-energy-483x330.jpg 483w, https:\/\/jeotermalenerji.com.tr\/wp-content\/uploads\/2021\/03\/Harnessing-geothermal-energy-263x180.jpg 263w\" sizes=\"auto, (max-width: 850px) 100vw, 850px\" \/>\t\t\t\t\t\t\t\t\t\t\t\t\t\t\t\t\t\t\t\t\t\t<div class=\"video__play__button\" role=\"button\">\r\n\t\t\t\t\t\t\t<i class=\"fas fa-play\"><\/i>\t\t\t\t\t\t<\/div>\r\n\t\t\t\t\t\t\t\t\t<\/div>\r\n\t\t\t\t\t<\/div>\r\n\t\t\t<\/div>\n\t\t\t\t<\/div>\n\t\t\t\t\t<\/div>\n\t\t<\/div>\n\t\t\t\t<div class=\"elementor-column elementor-col-50 elementor-inner-column elementor-element elementor-element-bd0dc22\" data-id=\"bd0dc22\" data-element_type=\"column\">\n\t\t\t<div class=\"elementor-widget-wrap elementor-element-populated\">\n\t\t\t\t\t\t\t\t<div class=\"elementor-element elementor-element-689cd63 elementor-widget elementor-widget-heading\" data-id=\"689cd63\" data-element_type=\"widget\" data-widget_type=\"heading.default\">\n\t\t\t\t<div class=\"elementor-widget-container\">\n\t\t\t<h2 class=\"elementor-heading-title elementor-size-default\">D\u00fc\u015f\u00fck karbonlu enerji aileleri:<\/h2>\t\t<\/div>\n\t\t\t\t<\/div>\n\t\t\t\t<div class=\"elementor-element elementor-element-026df40 elementor-tabs-view-horizontal elementor-widget elementor-widget-tabs\" data-id=\"026df40\" data-element_type=\"widget\" data-widget_type=\"tabs.default\">\n\t\t\t\t<div class=\"elementor-widget-container\">\n\t\t\t\t\t<div class=\"elementor-tabs\">\r\n\t\t\t<div class=\"elementor-tabs-wrapper\" role=\"tablist\" >\r\n\t\t\t\t\t\t\t\t\t<div id=\"elementor-tab-title-2541\" class=\"elementor-tab-title elementor-tab-desktop-title\" aria-selected=\"true\" data-tab=\"1\" role=\"tab\" tabindex=\"0\" aria-controls=\"elementor-tab-content-2541\" aria-expanded=\"false\">Jeotermal<\/div>\r\n\t\t\t\t\t\t\t\t\t<div id=\"elementor-tab-title-2542\" class=\"elementor-tab-title elementor-tab-desktop-title\" aria-selected=\"false\" data-tab=\"2\" role=\"tab\" tabindex=\"-1\" aria-controls=\"elementor-tab-content-2542\" aria-expanded=\"false\">G\u00fcne\u015f<\/div>\r\n\t\t\t\t\t\t\t\t\t<div id=\"elementor-tab-title-2543\" class=\"elementor-tab-title elementor-tab-desktop-title\" aria-selected=\"false\" data-tab=\"3\" role=\"tab\" tabindex=\"-1\" aria-controls=\"elementor-tab-content-2543\" aria-expanded=\"false\">Rizgar<\/div>\r\n\t\t\t\t\t\t\t<\/div>\r\n\t\t\t<div class=\"elementor-tabs-content-wrapper\" role=\"tablist\" aria-orientation=\"vertical\">\r\n\t\t\t\t\t\t\t\t\t<div class=\"elementor-tab-title elementor-tab-mobile-title\" aria-selected=\"true\" data-tab=\"1\" role=\"tab\" tabindex=\"0\" aria-controls=\"elementor-tab-content-2541\" aria-expanded=\"false\">Jeotermal<\/div>\r\n\t\t\t\t\t<div id=\"elementor-tab-content-2541\" class=\"elementor-tab-content elementor-clearfix\" data-tab=\"1\" role=\"tabpanel\" aria-labelledby=\"elementor-tab-title-2541\" tabindex=\"0\" hidden=\"false\"><p>Jeotermal enerji, en az dezavantajla en fazla potansiyele sahiptir.<\/p><\/div>\r\n\t\t\t\t\t\t\t\t\t<div class=\"elementor-tab-title elementor-tab-mobile-title\" aria-selected=\"false\" data-tab=\"2\" role=\"tab\" tabindex=\"-1\" aria-controls=\"elementor-tab-content-2542\" aria-expanded=\"false\">G\u00fcne\u015f<\/div>\r\n\t\t\t\t\t<div id=\"elementor-tab-content-2542\" class=\"elementor-tab-content elementor-clearfix\" data-tab=\"2\" role=\"tabpanel\" aria-labelledby=\"elementor-tab-title-2542\" tabindex=\"0\" hidden=\"hidden\"><p>G\u00fcne\u015f panelleri, s\u0131f\u0131r emisyonla g\u00fc\u00e7 \u00fcretme yetene\u011fine sahiptir. \u00dcretilen g\u00fc\u00e7, enerji talebinizi beslemek i\u00e7in kullan\u0131labilir ve geleneksel enerji ihtiya\u00e7lar\u0131n\u0131 m\u00fckemmel bir \u015fekilde ye\u015fil enerji ile de\u011fi\u015ftirir.\u00a0<b>\u00dcretilen her bir kilovat ye\u015fil enerji, karbon ayak izini y\u0131lda 1360 Kg azaltabilir.<\/b>.<\/p><\/div>\r\n\t\t\t\t\t\t\t\t\t<div class=\"elementor-tab-title elementor-tab-mobile-title\" aria-selected=\"false\" data-tab=\"3\" role=\"tab\" tabindex=\"-1\" aria-controls=\"elementor-tab-content-2543\" aria-expanded=\"false\">Rizgar<\/div>\r\n\t\t\t\t\t<div id=\"elementor-tab-content-2543\" class=\"elementor-tab-content elementor-clearfix\" data-tab=\"3\" role=\"tabpanel\" aria-labelledby=\"elementor-tab-title-2543\" tabindex=\"0\" hidden=\"hidden\"><p>R\u00fczgar enerjisi, yine fosil yak\u0131tlar\u0131n\u0131 ihtiya\u00e7 duymadan uygulanabilir bir alternatifidir. CO2 veya di\u011fer hava kirleticileri yaymaz. \u00d6mr\u00fc boyunca neredeyse karbonsuz \u00e7al\u0131\u015f\u0131r.<\/p><\/div>\r\n\t\t\t\t\t\t\t<\/div>\r\n\t\t<\/div>\r\n\t\t\t\t<\/div>\n\t\t\t\t<\/div>\n\t\t\t\t\t<\/div>\n\t\t<\/div>\n\t\t\t\t\t\t\t<\/div>\n\t\t<\/section>\n\t\t\t\t\t<\/div>\n\t\t<\/div>\n\t\t\t\t\t\t\t<\/div>\n\t\t<\/section>\n\t\t\t\t\t\t\t<\/div>","protected":false},"excerpt":{"rendered":"<p>What is being taken from the earth is continuously given back right after heat exchange process.\u200b Reinjection is a critical process in geothermal power plants because it helps to sustain the long-term viability of the resource and avoid depletion. In a geothermal power plant, hot water or steam is extracted from the ground to generate [&hellip;]<\/p>","protected":false},"author":1,"featured_media":0,"parent":0,"menu_order":0,"comment_status":"closed","ping_status":"closed","template":"page-templates\/breadcrumb.php","meta":{"footnotes":""},"class_list":["post-4915","page","type-page","status-publish","hentry"],"_links":{"self":[{"href":"https:\/\/jeotermalenerji.com.tr\/tr\/wp-json\/wp\/v2\/pages\/4915","targetHints":{"allow":["GET"]}}],"collection":[{"href":"https:\/\/jeotermalenerji.com.tr\/tr\/wp-json\/wp\/v2\/pages"}],"about":[{"href":"https:\/\/jeotermalenerji.com.tr\/tr\/wp-json\/wp\/v2\/types\/page"}],"author":[{"embeddable":true,"href":"https:\/\/jeotermalenerji.com.tr\/tr\/wp-json\/wp\/v2\/users\/1"}],"replies":[{"embeddable":true,"href":"https:\/\/jeotermalenerji.com.tr\/tr\/wp-json\/wp\/v2\/comments?post=4915"}],"version-history":[{"count":82,"href":"https:\/\/jeotermalenerji.com.tr\/tr\/wp-json\/wp\/v2\/pages\/4915\/revisions"}],"predecessor-version":[{"id":6312,"href":"https:\/\/jeotermalenerji.com.tr\/tr\/wp-json\/wp\/v2\/pages\/4915\/revisions\/6312"}],"wp:attachment":[{"href":"https:\/\/jeotermalenerji.com.tr\/tr\/wp-json\/wp\/v2\/media?parent=4915"}],"curies":[{"name":"wp","href":"https:\/\/api.w.org\/{rel}","templated":true}]}}