{"id":5367,"date":"2023-02-10T14:51:59","date_gmt":"2023-02-10T14:51:59","guid":{"rendered":"http:\/\/jeotermalenerji.com.tr\/?page_id=5367"},"modified":"2023-02-16T12:21:31","modified_gmt":"2023-02-16T12:21:31","slug":"geothermal-district-heating","status":"publish","type":"page","link":"https:\/\/jeotermalenerji.com.tr\/tr\/geothermal-district-heating\/","title":{"rendered":"\u015eehir Is\u0131tmas\u0131"},"content":{"rendered":"<div data-elementor-type=\"wp-page\" data-elementor-id=\"5367\" class=\"elementor elementor-5367\">\n\t\t\t\t\t\t\t\t\t<section class=\"elementor-section elementor-top-section elementor-element elementor-element-901fef4 elementor-section-boxed elementor-section-height-default elementor-section-height-default\" data-id=\"901fef4\" data-element_type=\"section\" data-settings=\"{&quot;_ha_eqh_enable&quot;:false}\">\n\t\t\t\t\t\t<div class=\"elementor-container elementor-column-gap-default\">\n\t\t\t\t\t<div class=\"elementor-column elementor-col-100 elementor-top-column elementor-element elementor-element-fec37f2\" data-id=\"fec37f2\" data-element_type=\"column\">\n\t\t\t<div class=\"elementor-widget-wrap elementor-element-populated\">\n\t\t\t\t\t\t\t\t<section class=\"elementor-section elementor-inner-section elementor-element elementor-element-b92e582 elementor-section-boxed elementor-section-height-default elementor-section-height-default\" data-id=\"b92e582\" data-element_type=\"section\" data-settings=\"{&quot;_ha_eqh_enable&quot;:false}\">\n\t\t\t\t\t\t<div class=\"elementor-container elementor-column-gap-default\">\n\t\t\t\t\t<div class=\"elementor-column elementor-col-100 elementor-inner-column elementor-element elementor-element-494c8c5\" data-id=\"494c8c5\" data-element_type=\"column\">\n\t\t\t<div class=\"elementor-widget-wrap elementor-element-populated\">\n\t\t\t\t\t\t\t\t<div class=\"elementor-element elementor-element-4017128 elementor-widget elementor-widget-image\" data-id=\"4017128\" data-element_type=\"widget\" data-widget_type=\"image.default\">\n\t\t\t\t<div class=\"elementor-widget-container\">\n\t\t\t\t\t\t\t\t\t\t\t\t\t\t\t<img loading=\"lazy\" decoding=\"async\" width=\"2048\" height=\"1151\" src=\"https:\/\/jeotermalenerji.com.tr\/wp-content\/uploads\/2023\/02\/izmirthebestcity.jpg\" class=\"attachment-full size-full wp-image-5400\" alt=\"\" srcset=\"https:\/\/jeotermalenerji.com.tr\/wp-content\/uploads\/2023\/02\/izmirthebestcity.jpg 2048w, https:\/\/jeotermalenerji.com.tr\/wp-content\/uploads\/2023\/02\/izmirthebestcity-300x169.jpg 300w, https:\/\/jeotermalenerji.com.tr\/wp-content\/uploads\/2023\/02\/izmirthebestcity-1024x576.jpg 1024w, https:\/\/jeotermalenerji.com.tr\/wp-content\/uploads\/2023\/02\/izmirthebestcity-768x432.jpg 768w, https:\/\/jeotermalenerji.com.tr\/wp-content\/uploads\/2023\/02\/izmirthebestcity-1536x863.jpg 1536w, https:\/\/jeotermalenerji.com.tr\/wp-content\/uploads\/2023\/02\/izmirthebestcity-18x10.jpg 18w, https:\/\/jeotermalenerji.com.tr\/wp-content\/uploads\/2023\/02\/izmirthebestcity-570x320.jpg 570w, https:\/\/jeotermalenerji.com.tr\/wp-content\/uploads\/2023\/02\/izmirthebestcity-270x152.jpg 270w, https:\/\/jeotermalenerji.com.tr\/wp-content\/uploads\/2023\/02\/izmirthebestcity-1320x742.jpg 1320w\" sizes=\"auto, (max-width: 2048px) 100vw, 2048px\" \/>\t\t\t\t\t\t\t\t\t\t\t\t\t\t\t<\/div>\n\t\t\t\t<\/div>\n\t\t\t\t\t<\/div>\n\t\t<\/div>\n\t\t\t\t\t\t\t<\/div>\n\t\t<\/section>\n\t\t\t\t<div class=\"elementor-element elementor-element-0b352d7 elementor-widget elementor-widget-spacer\" data-id=\"0b352d7\" data-element_type=\"widget\" data-widget_type=\"spacer.default\">\n\t\t\t\t<div class=\"elementor-widget-container\">\n\t\t\t\t\t<div class=\"elementor-spacer\">\n\t\t\t<div class=\"elementor-spacer-inner\"><\/div>\n\t\t<\/div>\n\t\t\t\t<\/div>\n\t\t\t\t<\/div>\n\t\t\t\t\t<\/div>\n\t\t<\/div>\n\t\t\t\t\t\t\t<\/div>\n\t\t<\/section>\n\t\t\t\t<section class=\"elementor-section elementor-top-section elementor-element elementor-element-4ec5836 elementor-section-boxed elementor-section-height-default elementor-section-height-default\" data-id=\"4ec5836\" data-element_type=\"section\" data-settings=\"{&quot;_ha_eqh_enable&quot;:false}\">\n\t\t\t\t\t\t<div class=\"elementor-container elementor-column-gap-default\">\n\t\t\t\t\t<div class=\"elementor-column elementor-col-100 elementor-top-column elementor-element elementor-element-922a446\" data-id=\"922a446\" data-element_type=\"column\">\n\t\t\t<div class=\"elementor-widget-wrap elementor-element-populated\">\n\t\t\t\t\t\t\t\t<section class=\"elementor-section elementor-inner-section elementor-element elementor-element-15a4739 elementor-section-content-middle elementor-section-boxed elementor-section-height-default elementor-section-height-default\" data-id=\"15a4739\" data-element_type=\"section\" data-settings=\"{&quot;_ha_eqh_enable&quot;:false}\">\n\t\t\t\t\t\t<div class=\"elementor-container elementor-column-gap-extended\">\n\t\t\t\t\t<div class=\"elementor-column elementor-col-50 elementor-inner-column elementor-element elementor-element-bf0d607\" data-id=\"bf0d607\" data-element_type=\"column\">\n\t\t\t<div class=\"elementor-widget-wrap elementor-element-populated\">\n\t\t\t\t\t\t\t\t<div class=\"elementor-element elementor-element-ed87939 elementor-widget elementor-widget-heading\" data-id=\"ed87939\" data-element_type=\"widget\" data-widget_type=\"heading.default\">\n\t\t\t\t<div class=\"elementor-widget-container\">\n\t\t\t<h2 class=\"elementor-heading-title elementor-size-default\">Nas\u0131l \u00c7al\u0131\u015f\u0131r?<\/h2>\t\t<\/div>\n\t\t\t\t<\/div>\n\t\t\t\t<div class=\"elementor-element elementor-element-91e7d51 elementor-widget elementor-widget-text-editor\" data-id=\"91e7d51\" data-element_type=\"widget\" data-widget_type=\"text-editor.default\">\n\t\t\t\t<div class=\"elementor-widget-container\">\n\t\t\t\t\t\t\t<p>Jeotermal B\u00f6lgesel Is\u0131tma, jeotermal enerjinin (yani, d\u00fcnya y\u00fczeyinin alt\u0131nda \u0131s\u0131 \u015feklinde depolanan enerjinin) bireysel ve ticari binalar\u0131n yan\u0131 s\u0131ra end\u00fcstri i\u00e7in bir da\u011f\u0131t\u0131m a\u011f\u0131 arac\u0131l\u0131\u011f\u0131yla \u0131s\u0131t\u0131lmas\u0131 i\u00e7in kullan\u0131lmas\u0131d\u0131r. G\u00fcn\u00fcm\u00fczde bir \u00e7ok belediyenin halk\u0131m\u0131za daha ucuz \u0131s\u0131nma imkan\u0131, i\u015f imkanlar\u0131 olu\u015fturmak ve halk\u0131m\u0131z\u0131n ekonomisine daha da katk\u0131da bulunabilmek i\u00e7in birbirleri ile tatl\u0131 bir yar\u0131\u015f halinde olduklar\u0131 da g\u00f6zlenmektedir. Bu nedenle belediyeler ile \u00f6zel sekt\u00f6r aras\u0131nda \u00e7ok g\u00fc\u00e7l\u00fc destekleyici ba\u015flar olu\u015fmu\u015f ve devam etmektedir.<\/p>\t\t\t\t\t\t<\/div>\n\t\t\t\t<\/div>\n\t\t\t\t<div class=\"elementor-element elementor-element-cc9bd79 elementor-aspect-ratio-43 elementor-widget elementor-widget-Element_Ready_Widget_Video\" data-id=\"cc9bd79\" data-element_type=\"widget\" data-settings=\"{&quot;aspect_ratio&quot;:&quot;43&quot;,&quot;lightbox&quot;:&quot;yes&quot;}\" data-widget_type=\"Element_Ready_Widget_Video.default\">\n\t\t\t\t<div class=\"elementor-widget-container\">\n\t\t\t\t\t<div class=\"elementor-wrapper elementor-open-lightbox\">\r\n\t\t\t\t\t\t\t<div class=\"elementor-custom-embed-image-overlay\" data-elementor-open-lightbox=\"yes\" data-elementor-lightbox=\"{&quot;type&quot;:&quot;video&quot;,&quot;videoType&quot;:&quot;youtube&quot;,&quot;url&quot;:&quot;https:\\\/\\\/www.youtube-nocookie.com\\\/embed\\\/L6LCVTUpmv4?feature=oembed&amp;start&amp;end&amp;wmode=opaque&amp;loop=0&amp;controls=0&amp;mute=0&amp;rel=0&amp;modestbranding=0&quot;,&quot;modalOptions&quot;:{&quot;id&quot;:&quot;elementor-lightbox-cc9bd79&quot;,&quot;entranceAnimation&quot;:&quot;&quot;,&quot;entranceAnimation_tablet&quot;:&quot;&quot;,&quot;entranceAnimation_mobile&quot;:&quot;&quot;,&quot;videoAspectRatio&quot;:&quot;43&quot;}}\">\r\n\t\t\t\t\t\t\t\t\t\t\t<img loading=\"lazy\" decoding=\"async\" width=\"832\" height=\"472\" src=\"https:\/\/jeotermalenerji.com.tr\/wp-content\/uploads\/2023\/02\/geoheatdisst.jpg\" class=\"attachment-full size-full wp-image-5373\" alt=\"\" srcset=\"https:\/\/jeotermalenerji.com.tr\/wp-content\/uploads\/2023\/02\/geoheatdisst.jpg 832w, https:\/\/jeotermalenerji.com.tr\/wp-content\/uploads\/2023\/02\/geoheatdisst-300x170.jpg 300w, https:\/\/jeotermalenerji.com.tr\/wp-content\/uploads\/2023\/02\/geoheatdisst-768x436.jpg 768w, https:\/\/jeotermalenerji.com.tr\/wp-content\/uploads\/2023\/02\/geoheatdisst-18x10.jpg 18w, https:\/\/jeotermalenerji.com.tr\/wp-content\/uploads\/2023\/02\/geoheatdisst-570x323.jpg 570w, https:\/\/jeotermalenerji.com.tr\/wp-content\/uploads\/2023\/02\/geoheatdisst-270x153.jpg 270w\" sizes=\"auto, (max-width: 832px) 100vw, 832px\" \/>\t\t\t\t\t\t\t\t\t\t\t\t\t\t\t\t\t\t\t\t\t\t<div class=\"video__play__button\" role=\"button\">\r\n\t\t\t\t\t\t\t<i class=\"fas fa-play\"><\/i>\t\t\t\t\t\t<\/div>\r\n\t\t\t\t\t\t\t\t\t<\/div>\r\n\t\t\t\t\t<\/div>\r\n\t\t\t<\/div>\n\t\t\t\t<\/div>\n\t\t\t\t<div class=\"elementor-element elementor-element-7c38737 elementor-widget elementor-widget-text-editor\" data-id=\"7c38737\" data-element_type=\"widget\" data-widget_type=\"text-editor.default\">\n\t\t\t\t<div class=\"elementor-widget-container\">\n\t\t\t\t\t\t\t<p>Bu videonun orijinali ve i\u00e7erik olu\u015fturucusundan daha fazlas\u0131 i\u00e7in l\u00fctfen linki takip edin:\u00a0<a style=\"font-weight: var( --e-global-typography-text-font-weight ); background-color: #ffffff; color: inherit; outline: 0px; font-family: 'Open Sans', sans-serif; font-size: 18px; letter-spacing: 0.36px;\" href=\"http:\/\/geodh.eu\/what-is-geothermal-district-heating\/\" target=\"_blank\" rel=\"noopener\">GeoDH Website<\/a><\/p>\t\t\t\t\t\t<\/div>\n\t\t\t\t<\/div>\n\t\t\t\t\t<\/div>\n\t\t<\/div>\n\t\t\t\t<div class=\"elementor-column elementor-col-50 elementor-inner-column elementor-element elementor-element-bd0dc22\" data-id=\"bd0dc22\" data-element_type=\"column\">\n\t\t\t<div class=\"elementor-widget-wrap elementor-element-populated\">\n\t\t\t\t\t\t\t\t<div class=\"elementor-element elementor-element-82ec88e elementor-widget elementor-widget-text-editor\" data-id=\"82ec88e\" data-element_type=\"widget\" data-widget_type=\"text-editor.default\">\n\t\t\t\t<div class=\"elementor-widget-container\">\n\t\t\t\t\t\t\t<div class=\"ms-rteElement-Calluout6\"><strong>Jeotermal enerji tamamen emisyonsuz ve dolay\u0131s\u0131yla iklim dostudur, bu enerji kayna\u011f\u0131n\u0131n \u00f6ne \u00e7\u0131kan avantajlar\u0131ndan biri baz y\u00fck\u00fc ve kontrol edilebilir olmas\u0131d\u0131r.<\/strong><\/div><div>\u00a0<\/div><div class=\"ms-rteElement-Calluout6\">S\u00fcre\u00e7 tipik olarak, \u0131s\u0131y\u0131 \u00e7\u0131karmak ve bir boru a\u011f\u0131 arac\u0131l\u0131\u011f\u0131yla binalara da\u011f\u0131tmak i\u00e7in yer alt\u0131ndaki y\u0131l boyunca sabit olan ve s\u00fcrekli kendi kendine yenilenen s\u0131cakl\u0131\u011f\u0131 kullanan bir jeotermal \u0131s\u0131 pompas\u0131 sisteminin kullan\u0131lmas\u0131n\u0131 i\u00e7erir. Bir b\u00f6lgesel \u0131s\u0131tma sisteminde borular, \u0131s\u0131y\u0131 belediyelerimizin deste\u011fi ile bir \u015fehirinbir k\u0131sm\u0131n\u0131, mahalleyi veya hatta t\u00fcm kasaba veya \u015fehir gibi merkezi bir alandaki birden fazla binaya da\u011f\u0131tmak i\u00e7in kullan\u0131l\u0131r.<\/div><div>\u00a0<\/div><div><p>Bu sistemde, jeotermal enerjiye eri\u015fmek i\u00e7in kuyular kullan\u0131larak yerden \u0131s\u0131 \u00e7ekmek i\u00e7in bir jeotermal enerji santrali in\u015fa edilir. Is\u0131 daha sonra, bir \u0131s\u0131 e\u015fanj\u00f6r\u00fcnde dola\u015fan ve s\u00fcrekli geldi\u00fci yere geri d\u00f6nen (reenjeksiyon) ve b\u00f6lgesel \u0131s\u0131tma sistemi boyunca da\u011f\u0131t\u0131lan suyu \u0131s\u0131tmak i\u00e7in kullan\u0131lan yer y\u00fcz\u00fcnde hali haz\u0131rda kullan\u0131lan su gibi bir s\u0131v\u0131ya aktar\u0131l\u0131r. S\u0131cak su, konut sakinlerine ve i\u015fyerlerine \u0131s\u0131tma ve s\u0131cak su sa\u011flamak i\u00e7in kullan\u0131ld\u0131\u011f\u0131 \u00e7e\u015fitli binalara borularla dola\u015ft\u0131r\u0131l\u0131r.<\/p><p>Jeotermal b\u00f6lgesel \u0131s\u0131tma sistemleri, \u00e7ok d\u00fc\u015f\u00fck sera gaz\u0131 emisyonlar\u0131 ve fosil yak\u0131tlara daha az ba\u011f\u0131ml\u0131l\u0131k ile olduk\u00e7a verimlidir. Ayr\u0131ca, \u00f6zellikle \u00e7evreye kal\u0131c\u0131 etkileri ve pahal\u0131 olan do\u011fal gaz veya di\u011fer \u0131s\u0131tma yak\u0131tlar\u0131n\u0131n kullan\u0131ld\u0131\u011f\u0131 alanlarda, ve her binada kurulan ayr\u0131 ayr\u0131 \u0131s\u0131tma sistemlerinden daha uygun maliyetli olmaktad\u0131r.<\/p><\/div>\t\t\t\t\t\t<\/div>\n\t\t\t\t<\/div>\n\t\t\t\t\t<\/div>\n\t\t<\/div>\n\t\t\t\t\t\t\t<\/div>\n\t\t<\/section>\n\t\t\t\t\t<\/div>\n\t\t<\/div>\n\t\t\t\t\t\t\t<\/div>\n\t\t<\/section>\n\t\t\t\t<section class=\"elementor-section elementor-top-section elementor-element elementor-element-7045293 elementor-section-boxed elementor-section-height-default elementor-section-height-default\" data-id=\"7045293\" data-element_type=\"section\" data-settings=\"{&quot;_ha_eqh_enable&quot;:false}\">\n\t\t\t\t\t\t<div class=\"elementor-container elementor-column-gap-default\">\n\t\t\t\t\t<div class=\"elementor-column elementor-col-100 elementor-top-column elementor-element elementor-element-c86ca73\" data-id=\"c86ca73\" data-element_type=\"column\">\n\t\t\t<div class=\"elementor-widget-wrap elementor-element-populated\">\n\t\t\t\t\t\t\t\t<section class=\"elementor-section elementor-inner-section elementor-element elementor-element-8f9c827 elementor-section-boxed elementor-section-height-default elementor-section-height-default\" data-id=\"8f9c827\" data-element_type=\"section\" data-settings=\"{&quot;_ha_eqh_enable&quot;:false}\">\n\t\t\t\t\t\t<div class=\"elementor-container elementor-column-gap-default\">\n\t\t\t\t\t<div class=\"elementor-column elementor-col-50 elementor-inner-column elementor-element elementor-element-c54f969\" data-id=\"c54f969\" data-element_type=\"column\">\n\t\t\t<div class=\"elementor-widget-wrap elementor-element-populated\">\n\t\t\t\t\t\t\t\t<div class=\"elementor-element elementor-element-57b67c2 elementor-widget elementor-widget-text-editor\" data-id=\"57b67c2\" data-element_type=\"widget\" data-widget_type=\"text-editor.default\">\n\t\t\t\t<div class=\"elementor-widget-container\">\n\t\t\t\t\t\t\t<p><b>Jeotermal b\u00f6lgesel \u0131s\u0131tma<\/b>\u00a0bir halka ve ticari i\u015fletmelere \u0131s\u0131 sa\u011flamak i\u00e7in D\u00fcnya'n\u0131n do\u011fal termal enerjisinin kullan\u0131lmas\u0131d\u0131r. Daha y\u00fcksek yer alt\u0131 s\u0131cakl\u0131klar\u0131na eri\u015fimlerinin oldu\u011fu \"jeotermal s\u0131cak b\u00f6lgeler\" \u00fczerinde konumland\u0131klar\u0131l\u0131rlar. B\u00f6lgesel \u0131s\u0131tman\u0131n ilk kullan\u0131m\u0131 14<sup>.<\/sup> y\u00fczy\u0131lda Fransa'da ger\u00e7ekle\u015fmi\u015ftir.<sup id=\"cite_ref-3\" class=\"reference\"><\/sup><\/p><p>40\u00b0C'nin \u00fczerindeki ve 150\u00b0C'nin alt\u0131ndaki s\u0131cakl\u0131klar bu uygulamalar i\u00e7in idealdir \u00e7\u00fcnk\u00fc 150\u00b0C'nin \u00fczerindeki jeotermal s\u0131cakl\u0131klar jeotermal elektrik \u00fcretimi i\u00e7in daha iyi kullan\u0131l\u0131r. 90\u00b0C ile 150\u00b0C aras\u0131 \u201c\u0131l\u0131ml\u0131\u201d bir s\u0131cakl\u0131k aral\u0131\u011f\u0131 olarak kabul edilir,<sup id=\"cite_ref-wolf_5-0\" class=\"reference\"><\/sup>\u00a0and can be used in certain\u00a0low-temperature power plants, or in more energy-intensive\u00a0industrial heating\u00a0applications.<sup id=\"cite_ref-6\" class=\"reference\"><\/sup><\/p><p>Karbon ayak izi, ekolojik ayak izinin \u00f6nemli bir par\u00e7as\u0131d\u0131r.<\/p><p>Jeotermal enerji, enerji i\u00e7in fosil yak\u0131tlar\u0131n yak\u0131lmas\u0131 gibi insan faaliyetlerinin bir sonucu olarak yay\u0131lan karbondioksit miktar\u0131n\u0131 ifade eden CO2 ayak izini azaltmaya yard\u0131mc\u0131 olabilecek bir yenilenebilir enerji t\u00fcr\u00fcd\u00fcr.<\/p><p>Bitkiler enerji ve b\u00fcy\u00fcme i\u00e7in karbona ihtiya\u00e7 duyarlar. Bunun yan\u0131s\u0131ra sanayile\u015fme ilerledik\u00e7e, havadaki karbon sal\u0131n\u0131m\u0131 artmakta ve bu da k\u00fcresel karbon emisyonlar\u0131n\u0131n ve karbon ayak izinin artmas\u0131na neden olmaktad\u0131r.<\/p><p>Ormanlar\u0131n azalmas\u0131, olu\u015fan karbonu \u00e7evreye geri sal\u0131n\u0131m\u0131na sebeb oluyor. Ayr\u0131ca okyanuslar\u0131n asitlenmesi, okyanusun daha fazla karbon depolamas\u0131na olanak tan\u0131m\u0131yor.<\/p><p>Industries are kept releasing carbon into the air.<\/p>\t\t\t\t\t\t<\/div>\n\t\t\t\t<\/div>\n\t\t\t\t\t<\/div>\n\t\t<\/div>\n\t\t\t\t<div class=\"elementor-column elementor-col-50 elementor-inner-column elementor-element elementor-element-22bcfe9\" data-id=\"22bcfe9\" data-element_type=\"column\">\n\t\t\t<div class=\"elementor-widget-wrap elementor-element-populated\">\n\t\t\t\t\t\t\t\t<div class=\"elementor-element elementor-element-6661315 elementor-widget elementor-widget-text-editor\" data-id=\"6661315\" data-element_type=\"widget\" data-widget_type=\"text-editor.default\">\n\t\t\t\t<div class=\"elementor-widget-container\">\n\t\t\t\t\t\t\t<p><strong>2022 y\u0131l\u0131 sonunda toplam kurulu jeotermal enerji \u00fcretim kapasitesi, 2021 y\u0131l\u0131na g\u00f6re 286 MW art\u0131\u015fla 16.127 MW oldu.<\/strong><\/p><p>2021 y\u0131l sonu en iyi 10 jeotermal \u00fclke:<\/p><p>\u00a0<\/p><ul><li>Amerika Birle\u015fik Devletleri \u2013 3.794 MW<\/li><li>Endonezya \u2013 2.356 MW<\/li><li>Filipinler \u2013 1.935 MW<\/li><li>T\u00fcrkiye \u2013 1.682 MW<\/li><li>Yeni Zelanda \u2013 1.037 MW<\/li><li>Mexico \u2013 962.7 MW<\/li><li>Kenya \u2013 944 MW<\/li><li>Italy \u2013 944 MW \u2013 no change<\/li><li>\u0130zlanda \u2013 754 MW<\/li><li>Japonya \u2013 621 MW<\/li><\/ul>\t\t\t\t\t\t<\/div>\n\t\t\t\t<\/div>\n\t\t\t\t\t<\/div>\n\t\t<\/div>\n\t\t\t\t\t\t\t<\/div>\n\t\t<\/section>\n\t\t\t\t<section class=\"elementor-section elementor-inner-section elementor-element elementor-element-e4eba8b elementor-section-boxed elementor-section-height-default elementor-section-height-default\" data-id=\"e4eba8b\" data-element_type=\"section\" data-settings=\"{&quot;_ha_eqh_enable&quot;:false}\">\n\t\t\t\t\t\t<div class=\"elementor-container elementor-column-gap-default\">\n\t\t\t\t\t<div class=\"elementor-column elementor-col-25 elementor-inner-column elementor-element elementor-element-c653f5d\" data-id=\"c653f5d\" data-element_type=\"column\">\n\t\t\t<div class=\"elementor-widget-wrap elementor-element-populated\">\n\t\t\t\t\t\t\t\t<div class=\"elementor-element elementor-element-7c8ee4f elementor-view-default elementor-mobile-position-top elementor-vertical-align-top elementor-widget elementor-widget-icon-box\" data-id=\"7c8ee4f\" data-element_type=\"widget\" data-widget_type=\"icon-box.default\">\n\t\t\t\t<div class=\"elementor-widget-container\">\n\t\t\t\t\t<div class=\"elementor-icon-box-wrapper\">\n\t\t\t\t\t\t<div class=\"elementor-icon-box-icon\">\n\t\t\t\t<span class=\"elementor-icon elementor-animation-\" >\n\t\t\t\t<i aria-hidden=\"true\" class=\"fas fa-check-double\"><\/i>\t\t\t\t<\/span>\n\t\t\t<\/div>\n\t\t\t\t\t\t<div class=\"elementor-icon-box-content\">\n\t\t\t\t<h3 class=\"elementor-icon-box-title\">\n\t\t\t\t\t<span  >\n\t\t\t\t\t\t\u0130klim De\u011fi\u015fikli\u011fine Yard\u0131mc\u0131 Olur\t\t\t\t\t<\/span>\n\t\t\t\t<\/h3>\n\t\t\t\t\t\t\t\t\t<p class=\"elementor-icon-box-description\">\n\t\t\t\t\t\tJeotermal enerji, t\u00fcm enerji t\u00fcrlerinin alt\u0131nc\u0131 en d\u00fc\u015f\u00fck karbon ayak izine sahiptir. \u00dcretilen kWh ba\u015f\u0131na, jeotermal enerji 38 gram CO2 yayarak enerji sistemleri i\u00e7inde .evre dostu olarak en az\u0131 konumundad\u0131r. \u0130klim de\u011fi\u015fikli\u011fiyle m\u00fccadele eder, \u00e7e\u015fitli \u00e7evresel faydalar sa\u011flar ve baz\u0131 lokasyonlarda bindelrle \u00f6l\u00e7\u00fcmlenebilen \u00e7ok az miktarda sera gaz\u0131 emisyonuna sahiptir.\t\t\t\t\t<\/p>\n\t\t\t\t\t\t\t<\/div>\n\t\t<\/div>\n\t\t\t\t<\/div>\n\t\t\t\t<\/div>\n\t\t\t\t\t<\/div>\n\t\t<\/div>\n\t\t\t\t<div class=\"elementor-column elementor-col-25 elementor-inner-column elementor-element elementor-element-8ef63d5\" data-id=\"8ef63d5\" data-element_type=\"column\">\n\t\t\t<div class=\"elementor-widget-wrap elementor-element-populated\">\n\t\t\t\t\t\t\t\t<div class=\"elementor-element elementor-element-494399e elementor-view-default elementor-mobile-position-top elementor-vertical-align-top elementor-widget elementor-widget-icon-box\" data-id=\"494399e\" data-element_type=\"widget\" data-widget_type=\"icon-box.default\">\n\t\t\t\t<div class=\"elementor-widget-container\">\n\t\t\t\t\t<div class=\"elementor-icon-box-wrapper\">\n\t\t\t\t\t\t<div class=\"elementor-icon-box-icon\">\n\t\t\t\t<span class=\"elementor-icon elementor-animation-\" >\n\t\t\t\t<i aria-hidden=\"true\" class=\"fas fa-power-off\"><\/i>\t\t\t\t<\/span>\n\t\t\t<\/div>\n\t\t\t\t\t\t<div class=\"elementor-icon-box-content\">\n\t\t\t\t<h3 class=\"elementor-icon-box-title\">\n\t\t\t\t\t<span  >\n\t\t\t\t\t\tEn d\u00fc\u015f\u00fck CO2 seviyesine sahip \t\t\t\t\t<\/span>\n\t\t\t\t<\/h3>\n\t\t\t\t\t\t\t\t\t<p class=\"elementor-icon-box-description\">\n\t\t\t\t\t\tJeotermal enerji, d\u00fcnyan\u0131n \u00e7ekirde\u011finden gelen \u0131s\u0131y\u0131 kullanan ve \u00e7ok az veya hi\u00e7 at\u0131k \u00fcretmeyen ve ayn\u0131 zamanda en d\u00fc\u015f\u00fck karbondioksit (CO2) emisyon seviyelerinden birini vaat eden s\u00fcrd\u00fcr\u00fclebilir bir enerji kayna\u011f\u0131d\u0131r. Bu y\u00fczden \u015funu sormam\u0131z gerekiyordu: Jeotermal enerjinin karbon ayak izi nedir?\t\t\t\t\t<\/p>\n\t\t\t\t\t\t\t<\/div>\n\t\t<\/div>\n\t\t\t\t<\/div>\n\t\t\t\t<\/div>\n\t\t\t\t\t<\/div>\n\t\t<\/div>\n\t\t\t\t<div class=\"elementor-column elementor-col-25 elementor-inner-column elementor-element elementor-element-188f727\" data-id=\"188f727\" data-element_type=\"column\">\n\t\t\t<div class=\"elementor-widget-wrap elementor-element-populated\">\n\t\t\t\t\t\t\t\t<div class=\"elementor-element elementor-element-1dfbe56 elementor-view-default elementor-mobile-position-top elementor-vertical-align-top elementor-widget elementor-widget-icon-box\" data-id=\"1dfbe56\" data-element_type=\"widget\" data-widget_type=\"icon-box.default\">\n\t\t\t\t<div class=\"elementor-widget-container\">\n\t\t\t\t\t<div class=\"elementor-icon-box-wrapper\">\n\t\t\t\t\t\t<div class=\"elementor-icon-box-icon\">\n\t\t\t\t<span class=\"elementor-icon elementor-animation-\" >\n\t\t\t\t<i aria-hidden=\"true\" class=\"icon icon-energy-saving\"><\/i>\t\t\t\t<\/span>\n\t\t\t<\/div>\n\t\t\t\t\t\t<div class=\"elementor-icon-box-content\">\n\t\t\t\t<h3 class=\"elementor-icon-box-title\">\n\t\t\t\t\t<span  >\n\t\t\t\t\t\tBaz\u0131 Ger\u00e7ekler\t\t\t\t\t<\/span>\n\t\t\t\t<\/h3>\n\t\t\t\t\t\t\t\t\t<p class=\"elementor-icon-box-description\">\n\t\t\t\t\t\t\u0130nsan kaynakl\u0131 t\u00fcm karbondioksit emisyonlar\u0131n\u0131n y\u00fczde seksen be\u015fi, otobiller i\u00e7in kullan\u0131lan benzin, mazot dahil olmak \u00fczere k\u00f6m\u00fcr, do\u011fal gaz ve petrol gibi fosil yak\u0131tlar\u0131n yan\u0131 s\u0131ra \u00e7imento \u00fcretimi gibi baz\u0131 end\u00fcstriyel s\u00fcre\u00e7lerin yanmas\u0131ndan kaynaklanmaktad\u0131r. D\u00fcnyadaki t\u00fcm Termitler, insanlardan daha fazla CO2 \u00fcretir!\n\n\t\t\t\t\t<\/p>\n\t\t\t\t\t\t\t<\/div>\n\t\t<\/div>\n\t\t\t\t<\/div>\n\t\t\t\t<\/div>\n\t\t\t\t\t<\/div>\n\t\t<\/div>\n\t\t\t\t<div class=\"elementor-column elementor-col-25 elementor-inner-column elementor-element elementor-element-14de646\" data-id=\"14de646\" data-element_type=\"column\">\n\t\t\t<div class=\"elementor-widget-wrap elementor-element-populated\">\n\t\t\t\t\t\t\t\t<div class=\"elementor-element elementor-element-947d7b2 elementor-view-default elementor-mobile-position-top elementor-vertical-align-top elementor-widget elementor-widget-icon-box\" data-id=\"947d7b2\" data-element_type=\"widget\" data-widget_type=\"icon-box.default\">\n\t\t\t\t<div class=\"elementor-widget-container\">\n\t\t\t\t\t<div class=\"elementor-icon-box-wrapper\">\n\t\t\t\t\t\t<div class=\"elementor-icon-box-icon\">\n\t\t\t\t<span class=\"elementor-icon elementor-animation-\" >\n\t\t\t\t<i aria-hidden=\"true\" class=\"fas fa-globe\"><\/i>\t\t\t\t<\/span>\n\t\t\t<\/div>\n\t\t\t\t\t\t<div class=\"elementor-icon-box-content\">\n\t\t\t\t<h3 class=\"elementor-icon-box-title\">\n\t\t\t\t\t<span  >\n\t\t\t\t\t\tJeotermal Kaynaklar\t\t\t\t\t<\/span>\n\t\t\t\t<\/h3>\n\t\t\t\t\t\t\t\t\t<p class=\"elementor-icon-box-description\">\n\t\t\t\t\t\tyenilenebilir enerji t\u00fcrlerinden biridir ve asla t\u00fckenmez. Bol miktarda jeotermal enerji, D\u00fcnya var oldu\u011fu s\u00fcrece mevcut olacakt\u0131r. D\u00fcnyan\u0131n i\u00e7 \u00e7ekirde\u011fi taraf\u0131ndan \u00fcretilen \u0131s\u0131dan elde edilen yenilenebilir bir enerji kayna\u011f\u0131d\u0131r ve dikkat etti\u011fimiz s\u00fcrece 7\/24\/365 kullan\u0131labilir.\t\t\t\t\t<\/p>\n\t\t\t\t\t\t\t<\/div>\n\t\t<\/div>\n\t\t\t\t<\/div>\n\t\t\t\t<\/div>\n\t\t\t\t\t<\/div>\n\t\t<\/div>\n\t\t\t\t\t\t\t<\/div>\n\t\t<\/section>\n\t\t\t\t\t<\/div>\n\t\t<\/div>\n\t\t\t\t\t\t\t<\/div>\n\t\t<\/section>\n\t\t\t\t\t\t\t<\/div>","protected":false},"excerpt":{"rendered":"<p>How it works? Geothermal District Heating is the use of geothermal energy (i.e. the energy stored in form of heat below the earth\u2019s surface) to heat individual and commercial buildings, as well as for industry, through a distribution network. https:\/\/youtu.be\/L6LCVTUpmv4 For original of this video and more from its contect creator please visit :\u00a0GeoDH Website [&hellip;]<\/p>","protected":false},"author":1,"featured_media":0,"parent":0,"menu_order":0,"comment_status":"closed","ping_status":"closed","template":"page-templates\/breadcrumb.php","meta":{"footnotes":""},"class_list":["post-5367","page","type-page","status-publish","hentry"],"_links":{"self":[{"href":"https:\/\/jeotermalenerji.com.tr\/tr\/wp-json\/wp\/v2\/pages\/5367","targetHints":{"allow":["GET"]}}],"collection":[{"href":"https:\/\/jeotermalenerji.com.tr\/tr\/wp-json\/wp\/v2\/pages"}],"about":[{"href":"https:\/\/jeotermalenerji.com.tr\/tr\/wp-json\/wp\/v2\/types\/page"}],"author":[{"embeddable":true,"href":"https:\/\/jeotermalenerji.com.tr\/tr\/wp-json\/wp\/v2\/users\/1"}],"replies":[{"embeddable":true,"href":"https:\/\/jeotermalenerji.com.tr\/tr\/wp-json\/wp\/v2\/comments?post=5367"}],"version-history":[{"count":40,"href":"https:\/\/jeotermalenerji.com.tr\/tr\/wp-json\/wp\/v2\/pages\/5367\/revisions"}],"predecessor-version":[{"id":6361,"href":"https:\/\/jeotermalenerji.com.tr\/tr\/wp-json\/wp\/v2\/pages\/5367\/revisions\/6361"}],"wp:attachment":[{"href":"https:\/\/jeotermalenerji.com.tr\/tr\/wp-json\/wp\/v2\/media?parent=5367"}],"curies":[{"name":"wp","href":"https:\/\/api.w.org\/{rel}","templated":true}]}}