{"id":5511,"date":"2023-02-11T06:39:51","date_gmt":"2023-02-11T06:39:51","guid":{"rendered":"http:\/\/jeotermalenerji.com.tr\/?page_id=5511"},"modified":"2023-02-16T13:21:54","modified_gmt":"2023-02-16T13:21:54","slug":"geothermal-lithium","status":"publish","type":"page","link":"https:\/\/jeotermalenerji.com.tr\/tr\/geothermal-lithium\/","title":{"rendered":"Jeotermal &amp; Lityum"},"content":{"rendered":"<div data-elementor-type=\"wp-page\" data-elementor-id=\"5511\" class=\"elementor elementor-5511\">\n\t\t\t\t\t\t\t\t\t<section class=\"elementor-section elementor-top-section elementor-element elementor-element-901fef4 elementor-section-boxed elementor-section-height-default elementor-section-height-default\" data-id=\"901fef4\" data-element_type=\"section\" data-settings=\"{&quot;_ha_eqh_enable&quot;:false}\">\n\t\t\t\t\t\t<div class=\"elementor-container elementor-column-gap-default\">\n\t\t\t\t\t<div class=\"elementor-column elementor-col-100 elementor-top-column elementor-element elementor-element-fec37f2\" data-id=\"fec37f2\" data-element_type=\"column\">\n\t\t\t<div class=\"elementor-widget-wrap elementor-element-populated\">\n\t\t\t\t\t\t\t\t<section class=\"elementor-section elementor-inner-section elementor-element elementor-element-b92e582 elementor-section-boxed elementor-section-height-default elementor-section-height-default\" data-id=\"b92e582\" data-element_type=\"section\" data-settings=\"{&quot;_ha_eqh_enable&quot;:false}\">\n\t\t\t\t\t\t<div class=\"elementor-container elementor-column-gap-default\">\n\t\t\t\t\t<div class=\"elementor-column elementor-col-100 elementor-inner-column elementor-element elementor-element-494c8c5\" data-id=\"494c8c5\" data-element_type=\"column\">\n\t\t\t<div class=\"elementor-widget-wrap elementor-element-populated\">\n\t\t\t\t\t\t\t\t<div class=\"elementor-element elementor-element-4017128 elementor-widget elementor-widget-image\" data-id=\"4017128\" data-element_type=\"widget\" data-widget_type=\"image.default\">\n\t\t\t\t<div class=\"elementor-widget-container\">\n\t\t\t\t\t\t\t\t\t\t\t\t\t\t\t<img loading=\"lazy\" decoding=\"async\" width=\"2560\" height=\"1439\" src=\"https:\/\/jeotermalenerji.com.tr\/wp-content\/uploads\/2023\/02\/lithium-001-scaled.jpg\" class=\"attachment-full size-full wp-image-5546\" alt=\"\" srcset=\"https:\/\/jeotermalenerji.com.tr\/wp-content\/uploads\/2023\/02\/lithium-001-scaled.jpg 2560w, https:\/\/jeotermalenerji.com.tr\/wp-content\/uploads\/2023\/02\/lithium-001-300x169.jpg 300w, https:\/\/jeotermalenerji.com.tr\/wp-content\/uploads\/2023\/02\/lithium-001-1024x575.jpg 1024w, https:\/\/jeotermalenerji.com.tr\/wp-content\/uploads\/2023\/02\/lithium-001-768x432.jpg 768w, https:\/\/jeotermalenerji.com.tr\/wp-content\/uploads\/2023\/02\/lithium-001-1536x863.jpg 1536w, https:\/\/jeotermalenerji.com.tr\/wp-content\/uploads\/2023\/02\/lithium-001-2048x1151.jpg 2048w, https:\/\/jeotermalenerji.com.tr\/wp-content\/uploads\/2023\/02\/lithium-001-18x10.jpg 18w, https:\/\/jeotermalenerji.com.tr\/wp-content\/uploads\/2023\/02\/lithium-001-570x320.jpg 570w, https:\/\/jeotermalenerji.com.tr\/wp-content\/uploads\/2023\/02\/lithium-001-270x152.jpg 270w, https:\/\/jeotermalenerji.com.tr\/wp-content\/uploads\/2023\/02\/lithium-001-1320x742.jpg 1320w\" sizes=\"auto, (max-width: 2560px) 100vw, 2560px\" \/>\t\t\t\t\t\t\t\t\t\t\t\t\t\t\t<\/div>\n\t\t\t\t<\/div>\n\t\t\t\t\t<\/div>\n\t\t<\/div>\n\t\t\t\t\t\t\t<\/div>\n\t\t<\/section>\n\t\t\t\t<div class=\"elementor-element elementor-element-0b352d7 elementor-widget elementor-widget-spacer\" data-id=\"0b352d7\" data-element_type=\"widget\" data-widget_type=\"spacer.default\">\n\t\t\t\t<div class=\"elementor-widget-container\">\n\t\t\t\t\t<div class=\"elementor-spacer\">\n\t\t\t<div class=\"elementor-spacer-inner\"><\/div>\n\t\t<\/div>\n\t\t\t\t<\/div>\n\t\t\t\t<\/div>\n\t\t\t\t\t<\/div>\n\t\t<\/div>\n\t\t\t\t\t\t\t<\/div>\n\t\t<\/section>\n\t\t\t\t<section class=\"elementor-section elementor-top-section elementor-element elementor-element-4ec5836 elementor-section-boxed elementor-section-height-default elementor-section-height-default\" data-id=\"4ec5836\" data-element_type=\"section\" data-settings=\"{&quot;_ha_eqh_enable&quot;:false}\">\n\t\t\t\t\t\t<div class=\"elementor-container elementor-column-gap-default\">\n\t\t\t\t\t<div class=\"elementor-column elementor-col-100 elementor-top-column elementor-element elementor-element-922a446\" data-id=\"922a446\" data-element_type=\"column\">\n\t\t\t<div class=\"elementor-widget-wrap elementor-element-populated\">\n\t\t\t\t\t\t\t\t<div class=\"elementor-element elementor-element-255c1ba elementor-widget elementor-widget-heading\" data-id=\"255c1ba\" data-element_type=\"widget\" data-widget_type=\"heading.default\">\n\t\t\t\t<div class=\"elementor-widget-container\">\n\t\t\t<h2 class=\"elementor-heading-title elementor-size-default\">Lithium Production from Geothermal<\/h2>\t\t<\/div>\n\t\t\t\t<\/div>\n\t\t\t\t<section class=\"elementor-section elementor-inner-section elementor-element elementor-element-15a4739 elementor-section-content-middle elementor-section-boxed elementor-section-height-default elementor-section-height-default\" data-id=\"15a4739\" data-element_type=\"section\" data-settings=\"{&quot;_ha_eqh_enable&quot;:false}\">\n\t\t\t\t\t\t<div class=\"elementor-container elementor-column-gap-extended\">\n\t\t\t\t\t<div class=\"elementor-column elementor-col-50 elementor-inner-column elementor-element elementor-element-bf0d607\" data-id=\"bf0d607\" data-element_type=\"column\">\n\t\t\t<div class=\"elementor-widget-wrap elementor-element-populated\">\n\t\t\t\t\t\t\t\t<div class=\"elementor-element elementor-element-7a086e3 elementor-widget elementor-widget-text-editor\" data-id=\"7a086e3\" data-element_type=\"widget\" data-widget_type=\"text-editor.default\">\n\t\t\t\t<div class=\"elementor-widget-container\">\n\t\t\t\t\t\t\tIn geothermal plants, lithium-rich frost is pumped to the surface directly from geothermal wells.<br><br>Geothermal energy can be used to extract lithium from geothermal brines, providing a sustainable and cost-effective way to produce this valuable metal.<br><br>Lithium is a key component in the production of rechargeable batteries used in electric vehicles, mobile devices, and other electronics.Geothermal brines are naturally occurring underground water sources that are heated by geothermal energy.<br><br>These brines often contain dissolved minerals, including lithium, which can be extracted through a process called direct lithium extraction (DLE).<br><br>The DLE process involves pumping the geothermal brine to the surface, where it is first treated to remove any impurities. The brine is then fed into specialized membranes that selectively bind to lithium ions, allowing them to be separated from the other minerals. The lithium can then be extracted from the membranes and purified for use in battery production.<br><br>Using geothermal energy for direct lithium extraction has several advantages. First, it is a low-carbon and sustainable process, as it uses the heat energy from the earth instead of relying on fossil fuels. This can help to reduce greenhouse gas emissions and mitigate climate change. Second, the process can be more cost-effective than traditional lithium extraction methods, as it requires less energy and can be done on a smaller scale.\t\t\t\t\t\t<\/div>\n\t\t\t\t<\/div>\n\t\t\t\t<div class=\"elementor-element elementor-element-91e7d51 elementor-widget elementor-widget-text-editor\" data-id=\"91e7d51\" data-element_type=\"widget\" data-widget_type=\"text-editor.default\">\n\t\t\t\t<div class=\"elementor-widget-container\">\n\t\t\t\t\t\t\tOne challenge with using geothermal brines for lithium extraction is that the concentration of lithium is typically lower than in other sources, such as salt flats. This means that larger volumes of brine are needed to produce the same amount of lithium.\t<br><br> Nonetheless, geothermal brines can still be a viable source of lithium, especially in regions with high geothermal activity and a lack of other sources.\t\t\t\t\t\t<\/div>\n\t\t\t\t<\/div>\n\t\t\t\t\t<\/div>\n\t\t<\/div>\n\t\t\t\t<div class=\"elementor-column elementor-col-50 elementor-inner-column elementor-element elementor-element-bd0dc22\" data-id=\"bd0dc22\" data-element_type=\"column\">\n\t\t\t<div class=\"elementor-widget-wrap elementor-element-populated\">\n\t\t\t\t\t\t\t\t<div class=\"elementor-element elementor-element-53e7e0a elementor-widget elementor-widget-text-editor\" data-id=\"53e7e0a\" data-element_type=\"widget\" data-widget_type=\"text-editor.default\">\n\t\t\t\t<div class=\"elementor-widget-container\">\n\t\t\t\t\t\t\t<p>Overall, using geothermal energy for direct lithium extraction can provide a sustainable and cost-effective way to produce this valuable metal, supporting the growth of the electric vehicle and electronics industries while reducing reliance on fossil fuels.<\/p>\t\t\t\t\t\t<\/div>\n\t\t\t\t<\/div>\n\t\t\t\t<div class=\"elementor-element elementor-element-cc9bd79 elementor-aspect-ratio-43 elementor-widget elementor-widget-Element_Ready_Widget_Video\" data-id=\"cc9bd79\" data-element_type=\"widget\" data-settings=\"{&quot;aspect_ratio&quot;:&quot;43&quot;,&quot;lightbox&quot;:&quot;yes&quot;}\" data-widget_type=\"Element_Ready_Widget_Video.default\">\n\t\t\t\t<div class=\"elementor-widget-container\">\n\t\t\t\t\t<div class=\"elementor-wrapper elementor-open-lightbox\">\r\n\t\t\t\t\t\t\t<div class=\"elementor-custom-embed-image-overlay\" data-elementor-open-lightbox=\"yes\" data-elementor-lightbox=\"{&quot;type&quot;:&quot;video&quot;,&quot;videoType&quot;:&quot;youtube&quot;,&quot;url&quot;:&quot;https:\\\/\\\/www.youtube-nocookie.com\\\/embed\\\/oYtyEVPGEU8?feature=oembed&amp;start&amp;end&amp;wmode=opaque&amp;loop=0&amp;controls=0&amp;mute=0&amp;rel=0&amp;modestbranding=0&quot;,&quot;modalOptions&quot;:{&quot;id&quot;:&quot;elementor-lightbox-cc9bd79&quot;,&quot;entranceAnimation&quot;:&quot;&quot;,&quot;entranceAnimation_tablet&quot;:&quot;&quot;,&quot;entranceAnimation_mobile&quot;:&quot;&quot;,&quot;videoAspectRatio&quot;:&quot;43&quot;}}\">\r\n\t\t\t\t\t\t\t\t\t\t\t<img loading=\"lazy\" decoding=\"async\" width=\"1895\" height=\"1065\" src=\"https:\/\/jeotermalenerji.com.tr\/wp-content\/uploads\/2023\/02\/geolithium.jpg\" class=\"attachment-full size-full wp-image-5503\" alt=\"\" srcset=\"https:\/\/jeotermalenerji.com.tr\/wp-content\/uploads\/2023\/02\/geolithium.jpg 1895w, https:\/\/jeotermalenerji.com.tr\/wp-content\/uploads\/2023\/02\/geolithium-300x169.jpg 300w, https:\/\/jeotermalenerji.com.tr\/wp-content\/uploads\/2023\/02\/geolithium-1024x575.jpg 1024w, https:\/\/jeotermalenerji.com.tr\/wp-content\/uploads\/2023\/02\/geolithium-768x432.jpg 768w, https:\/\/jeotermalenerji.com.tr\/wp-content\/uploads\/2023\/02\/geolithium-1536x863.jpg 1536w, https:\/\/jeotermalenerji.com.tr\/wp-content\/uploads\/2023\/02\/geolithium-18x10.jpg 18w, https:\/\/jeotermalenerji.com.tr\/wp-content\/uploads\/2023\/02\/geolithium-570x320.jpg 570w, https:\/\/jeotermalenerji.com.tr\/wp-content\/uploads\/2023\/02\/geolithium-270x152.jpg 270w, https:\/\/jeotermalenerji.com.tr\/wp-content\/uploads\/2023\/02\/geolithium-1320x742.jpg 1320w\" sizes=\"auto, (max-width: 1895px) 100vw, 1895px\" \/>\t\t\t\t\t\t\t\t\t\t\t\t\t\t\t\t\t\t\t\t\t\t<div class=\"video__play__button\" role=\"button\">\r\n\t\t\t\t\t\t\t<i class=\"fas fa-play\"><\/i>\t\t\t\t\t\t<\/div>\r\n\t\t\t\t\t\t\t\t\t<\/div>\r\n\t\t\t\t\t<\/div>\r\n\t\t\t<\/div>\n\t\t\t\t<\/div>\n\t\t\t\t<div class=\"elementor-element elementor-element-7c38737 elementor-widget elementor-widget-text-editor\" data-id=\"7c38737\" data-element_type=\"widget\" data-widget_type=\"text-editor.default\">\n\t\t\t\t<div class=\"elementor-widget-container\">\n\t\t\t\t\t\t\t<p>For original of this video and more from its contect creator please visit : YouTube <a href=\"https:\/\/www.youtube.com\/@ConversationEDU\" target=\"_blank\" rel=\"noopener\">@ConversationEDU<\/a><\/p>\t\t\t\t\t\t<\/div>\n\t\t\t\t<\/div>\n\t\t\t\t<div class=\"elementor-element elementor-element-6610637 elementor-widget elementor-widget-text-editor\" data-id=\"6610637\" data-element_type=\"widget\" data-widget_type=\"text-editor.default\">\n\t\t\t\t<div class=\"elementor-widget-container\">\n\t\t\t\t\t\t\t<p>Geothermal is as an everyday advancing technology on the verge of unlocking vast quantities of lithium from naturally occurring hot brines under the ground.<\/p><p>Lithium is essential for lithium-ion batteries, which power electric vehicles and energy storage.<\/p>\t\t\t\t\t\t<\/div>\n\t\t\t\t<\/div>\n\t\t\t\t\t<\/div>\n\t\t<\/div>\n\t\t\t\t\t\t\t<\/div>\n\t\t<\/section>\n\t\t\t\t\t<\/div>\n\t\t<\/div>\n\t\t\t\t\t\t\t<\/div>\n\t\t<\/section>\n\t\t\t\t<section class=\"elementor-section elementor-top-section elementor-element elementor-element-7045293 elementor-section-boxed elementor-section-height-default elementor-section-height-default\" data-id=\"7045293\" data-element_type=\"section\" data-settings=\"{&quot;_ha_eqh_enable&quot;:false}\">\n\t\t\t\t\t\t<div class=\"elementor-container elementor-column-gap-default\">\n\t\t\t\t\t<div class=\"elementor-column elementor-col-100 elementor-top-column elementor-element elementor-element-c86ca73\" data-id=\"c86ca73\" data-element_type=\"column\">\n\t\t\t<div class=\"elementor-widget-wrap elementor-element-populated\">\n\t\t\t\t\t\t\t\t<section class=\"elementor-section elementor-inner-section elementor-element elementor-element-e4eba8b elementor-section-boxed elementor-section-height-default elementor-section-height-default\" data-id=\"e4eba8b\" data-element_type=\"section\" data-settings=\"{&quot;_ha_eqh_enable&quot;:false}\">\n\t\t\t\t\t\t<div class=\"elementor-container elementor-column-gap-default\">\n\t\t\t\t\t<div class=\"elementor-column elementor-col-25 elementor-inner-column elementor-element elementor-element-c653f5d\" data-id=\"c653f5d\" data-element_type=\"column\">\n\t\t\t<div class=\"elementor-widget-wrap elementor-element-populated\">\n\t\t\t\t\t\t\t\t<div class=\"elementor-element elementor-element-7c8ee4f elementor-view-default elementor-mobile-position-top elementor-vertical-align-top elementor-widget elementor-widget-icon-box\" data-id=\"7c8ee4f\" data-element_type=\"widget\" data-widget_type=\"icon-box.default\">\n\t\t\t\t<div class=\"elementor-widget-container\">\n\t\t\t\t\t<div class=\"elementor-icon-box-wrapper\">\n\t\t\t\t\t\t<div class=\"elementor-icon-box-icon\">\n\t\t\t\t<span class=\"elementor-icon elementor-animation-\" >\n\t\t\t\t<i aria-hidden=\"true\" class=\"fas fa-check-double\"><\/i>\t\t\t\t<\/span>\n\t\t\t<\/div>\n\t\t\t\t\t\t<div class=\"elementor-icon-box-content\">\n\t\t\t\t<h3 class=\"elementor-icon-box-title\">\n\t\t\t\t\t<span  >\n\t\t\t\t\t\t\u0130klim De\u011fi\u015fikli\u011fine Yard\u0131mc\u0131 Olur\t\t\t\t\t<\/span>\n\t\t\t\t<\/h3>\n\t\t\t\t\t\t\t\t\t<p class=\"elementor-icon-box-description\">\n\t\t\t\t\t\tJeotermal enerji, t\u00fcm enerji t\u00fcrlerinin alt\u0131nc\u0131 en d\u00fc\u015f\u00fck karbon ayak izine sahiptir. \u00dcretilen kWh ba\u015f\u0131na, jeotermal enerji 38 gram CO2 yayarak enerji sistemleri i\u00e7inde .evre dostu olarak en az\u0131 konumundad\u0131r. \u0130klim de\u011fi\u015fikli\u011fiyle m\u00fccadele eder, \u00e7e\u015fitli \u00e7evresel faydalar sa\u011flar ve baz\u0131 lokasyonlarda bindelrle \u00f6l\u00e7\u00fcmlenebilen \u00e7ok az miktarda sera gaz\u0131 emisyonuna sahiptir.\t\t\t\t\t<\/p>\n\t\t\t\t\t\t\t<\/div>\n\t\t<\/div>\n\t\t\t\t<\/div>\n\t\t\t\t<\/div>\n\t\t\t\t\t<\/div>\n\t\t<\/div>\n\t\t\t\t<div class=\"elementor-column elementor-col-25 elementor-inner-column elementor-element elementor-element-8ef63d5\" data-id=\"8ef63d5\" data-element_type=\"column\">\n\t\t\t<div class=\"elementor-widget-wrap elementor-element-populated\">\n\t\t\t\t\t\t\t\t<div class=\"elementor-element elementor-element-494399e elementor-view-default elementor-mobile-position-top elementor-vertical-align-top elementor-widget elementor-widget-icon-box\" data-id=\"494399e\" data-element_type=\"widget\" data-widget_type=\"icon-box.default\">\n\t\t\t\t<div class=\"elementor-widget-container\">\n\t\t\t\t\t<div class=\"elementor-icon-box-wrapper\">\n\t\t\t\t\t\t<div class=\"elementor-icon-box-icon\">\n\t\t\t\t<span class=\"elementor-icon elementor-animation-\" >\n\t\t\t\t<i aria-hidden=\"true\" class=\"fas fa-power-off\"><\/i>\t\t\t\t<\/span>\n\t\t\t<\/div>\n\t\t\t\t\t\t<div class=\"elementor-icon-box-content\">\n\t\t\t\t<h3 class=\"elementor-icon-box-title\">\n\t\t\t\t\t<span  >\n\t\t\t\t\t\tEn d\u00fc\u015f\u00fck CO2 seviyesine sahip \t\t\t\t\t<\/span>\n\t\t\t\t<\/h3>\n\t\t\t\t\t\t\t\t\t<p class=\"elementor-icon-box-description\">\n\t\t\t\t\t\tJeotermal enerji, d\u00fcnyan\u0131n \u00e7ekirde\u011finden gelen \u0131s\u0131y\u0131 kullanan ve \u00e7ok az veya hi\u00e7 at\u0131k \u00fcretmeyen ve ayn\u0131 zamanda en d\u00fc\u015f\u00fck karbondioksit (CO2) emisyon seviyelerinden birini vaat eden s\u00fcrd\u00fcr\u00fclebilir bir enerji kayna\u011f\u0131d\u0131r. Bu y\u00fczden \u015funu sormam\u0131z gerekiyordu: Jeotermal enerjinin karbon ayak izi nedir?\t\t\t\t\t<\/p>\n\t\t\t\t\t\t\t<\/div>\n\t\t<\/div>\n\t\t\t\t<\/div>\n\t\t\t\t<\/div>\n\t\t\t\t\t<\/div>\n\t\t<\/div>\n\t\t\t\t<div class=\"elementor-column elementor-col-25 elementor-inner-column elementor-element elementor-element-188f727\" data-id=\"188f727\" data-element_type=\"column\">\n\t\t\t<div class=\"elementor-widget-wrap elementor-element-populated\">\n\t\t\t\t\t\t\t\t<div class=\"elementor-element elementor-element-1dfbe56 elementor-view-default elementor-mobile-position-top elementor-vertical-align-top elementor-widget elementor-widget-icon-box\" data-id=\"1dfbe56\" data-element_type=\"widget\" data-widget_type=\"icon-box.default\">\n\t\t\t\t<div class=\"elementor-widget-container\">\n\t\t\t\t\t<div class=\"elementor-icon-box-wrapper\">\n\t\t\t\t\t\t<div class=\"elementor-icon-box-icon\">\n\t\t\t\t<span class=\"elementor-icon elementor-animation-\" >\n\t\t\t\t<i aria-hidden=\"true\" class=\"icon icon-energy-saving\"><\/i>\t\t\t\t<\/span>\n\t\t\t<\/div>\n\t\t\t\t\t\t<div class=\"elementor-icon-box-content\">\n\t\t\t\t<h3 class=\"elementor-icon-box-title\">\n\t\t\t\t\t<span  >\n\t\t\t\t\t\tBaz\u0131 Ger\u00e7ekler\t\t\t\t\t<\/span>\n\t\t\t\t<\/h3>\n\t\t\t\t\t\t\t\t\t<p class=\"elementor-icon-box-description\">\n\t\t\t\t\t\t\u0130nsan kaynakl\u0131 t\u00fcm karbondioksit emisyonlar\u0131n\u0131n y\u00fczde seksen be\u015fi, otobiller i\u00e7in kullan\u0131lan benzin, mazot dahil olmak \u00fczere k\u00f6m\u00fcr, do\u011fal gaz ve petrol gibi fosil yak\u0131tlar\u0131n yan\u0131 s\u0131ra \u00e7imento \u00fcretimi gibi baz\u0131 end\u00fcstriyel s\u00fcre\u00e7lerin yanmas\u0131ndan kaynaklanmaktad\u0131r. D\u00fcnyadaki t\u00fcm Termitler, insanlardan daha fazla CO2 \u00fcretir!\n\n\t\t\t\t\t<\/p>\n\t\t\t\t\t\t\t<\/div>\n\t\t<\/div>\n\t\t\t\t<\/div>\n\t\t\t\t<\/div>\n\t\t\t\t\t<\/div>\n\t\t<\/div>\n\t\t\t\t<div class=\"elementor-column elementor-col-25 elementor-inner-column elementor-element elementor-element-14de646\" data-id=\"14de646\" data-element_type=\"column\">\n\t\t\t<div class=\"elementor-widget-wrap elementor-element-populated\">\n\t\t\t\t\t\t\t\t<div class=\"elementor-element elementor-element-947d7b2 elementor-view-default elementor-mobile-position-top elementor-vertical-align-top elementor-widget elementor-widget-icon-box\" data-id=\"947d7b2\" data-element_type=\"widget\" data-widget_type=\"icon-box.default\">\n\t\t\t\t<div class=\"elementor-widget-container\">\n\t\t\t\t\t<div class=\"elementor-icon-box-wrapper\">\n\t\t\t\t\t\t<div class=\"elementor-icon-box-icon\">\n\t\t\t\t<span class=\"elementor-icon elementor-animation-\" >\n\t\t\t\t<i aria-hidden=\"true\" class=\"fas fa-globe\"><\/i>\t\t\t\t<\/span>\n\t\t\t<\/div>\n\t\t\t\t\t\t<div class=\"elementor-icon-box-content\">\n\t\t\t\t<h3 class=\"elementor-icon-box-title\">\n\t\t\t\t\t<span  >\n\t\t\t\t\t\tJeotermal Kaynaklar\t\t\t\t\t<\/span>\n\t\t\t\t<\/h3>\n\t\t\t\t\t\t\t\t\t<p class=\"elementor-icon-box-description\">\n\t\t\t\t\t\tyenilenebilir enerji t\u00fcrlerinden biridir ve asla t\u00fckenmez. Bol miktarda jeotermal enerji, D\u00fcnya var oldu\u011fu s\u00fcrece mevcut olacakt\u0131r. D\u00fcnyan\u0131n i\u00e7 \u00e7ekirde\u011fi taraf\u0131ndan \u00fcretilen \u0131s\u0131dan elde edilen yenilenebilir bir enerji kayna\u011f\u0131d\u0131r ve dikkat etti\u011fimiz s\u00fcrece 7\/24\/365 kullan\u0131labilir.\t\t\t\t\t<\/p>\n\t\t\t\t\t\t\t<\/div>\n\t\t<\/div>\n\t\t\t\t<\/div>\n\t\t\t\t<\/div>\n\t\t\t\t\t<\/div>\n\t\t<\/div>\n\t\t\t\t\t\t\t<\/div>\n\t\t<\/section>\n\t\t\t\t\t<\/div>\n\t\t<\/div>\n\t\t\t\t\t\t\t<\/div>\n\t\t<\/section>\n\t\t\t\t\t\t\t<\/div>","protected":false},"excerpt":{"rendered":"<p>Lithium Production from Geothermal In geothermal plants, lithium-rich frost is pumped to the surface directly from geothermal wells. Geothermal energy can be used to extract lithium from geothermal brines, providing a sustainable and cost-effective way to produce this valuable metal. Lithium is a key component in the production of rechargeable batteries used in electric vehicles, [&hellip;]<\/p>","protected":false},"author":1,"featured_media":0,"parent":0,"menu_order":0,"comment_status":"closed","ping_status":"closed","template":"page-templates\/breadcrumb.php","meta":{"footnotes":""},"class_list":["post-5511","page","type-page","status-publish","hentry"],"_links":{"self":[{"href":"https:\/\/jeotermalenerji.com.tr\/tr\/wp-json\/wp\/v2\/pages\/5511","targetHints":{"allow":["GET"]}}],"collection":[{"href":"https:\/\/jeotermalenerji.com.tr\/tr\/wp-json\/wp\/v2\/pages"}],"about":[{"href":"https:\/\/jeotermalenerji.com.tr\/tr\/wp-json\/wp\/v2\/types\/page"}],"author":[{"embeddable":true,"href":"https:\/\/jeotermalenerji.com.tr\/tr\/wp-json\/wp\/v2\/users\/1"}],"replies":[{"embeddable":true,"href":"https:\/\/jeotermalenerji.com.tr\/tr\/wp-json\/wp\/v2\/comments?post=5511"}],"version-history":[{"count":44,"href":"https:\/\/jeotermalenerji.com.tr\/tr\/wp-json\/wp\/v2\/pages\/5511\/revisions"}],"predecessor-version":[{"id":6402,"href":"https:\/\/jeotermalenerji.com.tr\/tr\/wp-json\/wp\/v2\/pages\/5511\/revisions\/6402"}],"wp:attachment":[{"href":"https:\/\/jeotermalenerji.com.tr\/tr\/wp-json\/wp\/v2\/media?parent=5511"}],"curies":[{"name":"wp","href":"https:\/\/api.w.org\/{rel}","templated":true}]}}