{"id":6161,"date":"2023-02-16T07:28:47","date_gmt":"2023-02-16T07:28:47","guid":{"rendered":"http:\/\/jeotermalenerji.com.tr\/?page_id=6161"},"modified":"2023-02-16T13:26:33","modified_gmt":"2023-02-16T13:26:33","slug":"geothermal-map-of-turkey","status":"publish","type":"page","link":"https:\/\/jeotermalenerji.com.tr\/tr\/geothermal-map-of-turkey\/","title":{"rendered":"T\u00fcrkiye'nin Jeotermal Haritas\u0131"},"content":{"rendered":"<div data-elementor-type=\"wp-page\" data-elementor-id=\"6161\" class=\"elementor elementor-6161\">\n\t\t\t\t\t\t\t\t\t<section class=\"elementor-section elementor-top-section elementor-element elementor-element-901fef4 elementor-section-boxed elementor-section-height-default elementor-section-height-default\" data-id=\"901fef4\" data-element_type=\"section\" data-settings=\"{&quot;_ha_eqh_enable&quot;:false}\">\n\t\t\t\t\t\t<div class=\"elementor-container elementor-column-gap-default\">\n\t\t\t\t\t<div class=\"elementor-column elementor-col-100 elementor-top-column elementor-element elementor-element-fec37f2\" data-id=\"fec37f2\" data-element_type=\"column\">\n\t\t\t<div class=\"elementor-widget-wrap elementor-element-populated\">\n\t\t\t\t\t\t\t\t<section class=\"elementor-section elementor-inner-section elementor-element elementor-element-b92e582 elementor-section-boxed elementor-section-height-default elementor-section-height-default\" data-id=\"b92e582\" data-element_type=\"section\" data-settings=\"{&quot;_ha_eqh_enable&quot;:false}\">\n\t\t\t\t\t\t<div class=\"elementor-container elementor-column-gap-default\">\n\t\t\t\t\t<div class=\"elementor-column elementor-col-100 elementor-inner-column elementor-element elementor-element-494c8c5\" data-id=\"494c8c5\" data-element_type=\"column\">\n\t\t\t<div class=\"elementor-widget-wrap elementor-element-populated\">\n\t\t\t\t\t\t\t\t<div class=\"elementor-element elementor-element-ad7e9d8 elementor-widget elementor-widget-image\" data-id=\"ad7e9d8\" data-element_type=\"widget\" data-widget_type=\"image.default\">\n\t\t\t\t<div class=\"elementor-widget-container\">\n\t\t\t\t\t\t\t\t\t\t\t\t\t\t\t<img loading=\"lazy\" decoding=\"async\" width=\"2048\" height=\"1151\" src=\"https:\/\/jeotermalenerji.com.tr\/wp-content\/uploads\/2023\/02\/turkeyandgeothermal001.jpg\" class=\"attachment-full size-full wp-image-6083\" alt=\"\" srcset=\"https:\/\/jeotermalenerji.com.tr\/wp-content\/uploads\/2023\/02\/turkeyandgeothermal001.jpg 2048w, https:\/\/jeotermalenerji.com.tr\/wp-content\/uploads\/2023\/02\/turkeyandgeothermal001-300x169.jpg 300w, https:\/\/jeotermalenerji.com.tr\/wp-content\/uploads\/2023\/02\/turkeyandgeothermal001-1024x576.jpg 1024w, https:\/\/jeotermalenerji.com.tr\/wp-content\/uploads\/2023\/02\/turkeyandgeothermal001-768x432.jpg 768w, https:\/\/jeotermalenerji.com.tr\/wp-content\/uploads\/2023\/02\/turkeyandgeothermal001-1536x863.jpg 1536w, https:\/\/jeotermalenerji.com.tr\/wp-content\/uploads\/2023\/02\/turkeyandgeothermal001-18x10.jpg 18w, https:\/\/jeotermalenerji.com.tr\/wp-content\/uploads\/2023\/02\/turkeyandgeothermal001-570x320.jpg 570w, https:\/\/jeotermalenerji.com.tr\/wp-content\/uploads\/2023\/02\/turkeyandgeothermal001-270x152.jpg 270w\" sizes=\"auto, (max-width: 2048px) 100vw, 2048px\" \/>\t\t\t\t\t\t\t\t\t\t\t\t\t\t\t<\/div>\n\t\t\t\t<\/div>\n\t\t\t\t\t<\/div>\n\t\t<\/div>\n\t\t\t\t\t\t\t<\/div>\n\t\t<\/section>\n\t\t\t\t<div class=\"elementor-element elementor-element-0b352d7 elementor-widget elementor-widget-spacer\" data-id=\"0b352d7\" data-element_type=\"widget\" data-widget_type=\"spacer.default\">\n\t\t\t\t<div class=\"elementor-widget-container\">\n\t\t\t\t\t<div class=\"elementor-spacer\">\n\t\t\t<div class=\"elementor-spacer-inner\"><\/div>\n\t\t<\/div>\n\t\t\t\t<\/div>\n\t\t\t\t<\/div>\n\t\t\t\t\t<\/div>\n\t\t<\/div>\n\t\t\t\t\t\t\t<\/div>\n\t\t<\/section>\n\t\t\t\t<section class=\"elementor-section elementor-top-section elementor-element elementor-element-7045293 elementor-section-boxed elementor-section-height-default elementor-section-height-default\" data-id=\"7045293\" data-element_type=\"section\" data-settings=\"{&quot;_ha_eqh_enable&quot;:false}\">\n\t\t\t\t\t\t<div class=\"elementor-container elementor-column-gap-default\">\n\t\t\t\t\t<div class=\"elementor-column elementor-col-100 elementor-top-column elementor-element elementor-element-c86ca73\" data-id=\"c86ca73\" data-element_type=\"column\">\n\t\t\t<div class=\"elementor-widget-wrap elementor-element-populated\">\n\t\t\t\t\t\t\t\t<section class=\"elementor-section elementor-inner-section elementor-element elementor-element-abbd2e1 elementor-section-boxed elementor-section-height-default elementor-section-height-default\" data-id=\"abbd2e1\" data-element_type=\"section\" data-settings=\"{&quot;_ha_eqh_enable&quot;:false}\">\n\t\t\t\t\t\t<div class=\"elementor-container elementor-column-gap-default\">\n\t\t\t\t\t<div class=\"elementor-column elementor-col-50 elementor-inner-column elementor-element elementor-element-3be21ae\" data-id=\"3be21ae\" data-element_type=\"column\">\n\t\t\t<div class=\"elementor-widget-wrap elementor-element-populated\">\n\t\t\t\t\t\t\t\t<div class=\"elementor-element elementor-element-6ddc0a1 elementor-widget elementor-widget-heading\" data-id=\"6ddc0a1\" data-element_type=\"widget\" data-widget_type=\"heading.default\">\n\t\t\t\t<div class=\"elementor-widget-container\">\n\t\t\t<h2 class=\"elementor-heading-title elementor-size-default\"><a href=\"https:\/\/www.dunya.com\/ekonomi\/jeotermal-enerjide-ege-bolgesi-one-cikiyor-haberi-682486\" target=\"_blank\">T\u00fcrkiye'nin Jeotermal Haritas\u0131<\/a><\/h2>\t\t<\/div>\n\t\t\t\t<\/div>\n\t\t\t\t<div class=\"elementor-element elementor-element-43d6bfe elementor-widget elementor-widget-html\" data-id=\"43d6bfe\" data-element_type=\"widget\" data-widget_type=\"html.default\">\n\t\t\t\t<div class=\"elementor-widget-container\">\n\t\t\t<iframe loading=\"lazy\" src=\"https:\/\/www.google.com\/maps\/d\/embed?mid=1FPmF97QrjHdu7FHQRYUuhLeHDdxoL8Rv&hl=tr&ehbc=2E312F\" width=\"640\" height=\"480\"><\/iframe>\t\t<\/div>\n\t\t\t\t<\/div>\n\t\t\t\t<div class=\"elementor-element elementor-element-294cc3a elementor-widget elementor-widget-text-editor\" data-id=\"294cc3a\" data-element_type=\"widget\" data-widget_type=\"text-editor.default\">\n\t\t\t\t<div class=\"elementor-widget-container\">\n\t\t\t\t\t\t\tT\u00fcrkiye, Avrasya ve Afrika levhalar\u0131 aras\u0131ndaki aktif tektonik s\u0131n\u0131rda yer almas\u0131 nedeniyle jeotermal potansiyeli y\u00fcksek bir b\u00f6lgede yer almaktad\u0131r.\t<br>\t<br> \u00dclkede toplam kurulu jeotermal kapasitesi 1.600 MW'\u0131n \u00fczerinde olan 1.000'den fazla kapl\u0131ca ve 150 jeotermal saha bulunmaktad\u0131r.\t\t\t\t\t\t<\/div>\n\t\t\t\t<\/div>\n\t\t\t\t\t<\/div>\n\t\t<\/div>\n\t\t\t\t<div class=\"elementor-column elementor-col-50 elementor-inner-column elementor-element elementor-element-704f86a\" data-id=\"704f86a\" data-element_type=\"column\">\n\t\t\t<div class=\"elementor-widget-wrap elementor-element-populated\">\n\t\t\t\t\t\t\t\t<div class=\"elementor-element elementor-element-ebbc3c2 elementor-widget elementor-widget-heading\" data-id=\"ebbc3c2\" data-element_type=\"widget\" data-widget_type=\"heading.default\">\n\t\t\t\t<div class=\"elementor-widget-container\">\n\t\t\t<h2 class=\"elementor-heading-title elementor-size-default\">Lokasyona \u00d6zg\u00fc<\/h2>\t\t<\/div>\n\t\t\t\t<\/div>\n\t\t\t\t<div class=\"elementor-element elementor-element-26d50e3 elementor-widget elementor-widget-text-editor\" data-id=\"26d50e3\" data-element_type=\"widget\" data-widget_type=\"text-editor.default\">\n\t\t\t\t<div class=\"elementor-widget-container\">\n\t\t\t\t\t\t\t<ul>\n \t<li>\u00dclkemiz, \u00fclke genelinde bulunan 1.500'den fazla kapl\u0131ca ve birka\u00e7 jeotermal saha ile \u00f6nemli bir jeotermal enerji potansiyeline sahiptir. \u0130\u015fte T\u00fcrkiye'deki baz\u0131 \u00f6nemli jeotermal alanlar\u0131n k\u0131sa bir \u00f6zeti:\n<ol>\n \t<li>Ayd\u0131n \u0130li: T\u00fcrkiye'nin bat\u0131s\u0131nda yer alan Ayd\u0131n, Germencik ve Yenipazar sahalar\u0131 da dahil olmak \u00fczere bir\u00e7ok jeotermal sahaya ev sahipli\u011fi yapmaktad\u0131r. Germencik sahas\u0131, 240 MW'\u0131n \u00fczerindeki kapasitesi ile T\u00fcrkiye'nin en b\u00fcy\u00fc\u011f\u00fcd\u00fcr.<\/li><br>\n \t<li>Denizli \u0130li: Yine T\u00fcrkiye'nin bat\u0131s\u0131nda yer alan Denizli, beyaz traverten teraslar\u0131yla tan\u0131nan pop\u00fcler bir turistik yer olan Pamukkale kapl\u0131calar\u0131na ev sahipli\u011fi yapmaktad\u0131r. Alan ayr\u0131ca, 90 MW'\u0131n \u00fczerinde kapasiteye sahip K\u0131z\u0131ldere sahas\u0131 da dahil olmak \u00fczere bir\u00e7ok jeotermal sahaya sahiptir.<\/li><br>\n \t<li>Manisa \u0130li: T\u00fcrkiye'nin bat\u0131s\u0131nda yer alan Manisa, 100 MW'\u0131n \u00fczerinde kapasiteye sahip Ala\u015fehir jeotermal sahas\u0131na ev sahipli\u011fi yapmaktad\u0131r. Saha hem elektrik \u00fcretimi hem de b\u00f6lgesel \u0131s\u0131tma i\u00e7in kullan\u0131lmaktad\u0131r.<\/li><br>\n \t<li>K\u00fctahya \u0130li: T\u00fcrkiye'nin bat\u0131s\u0131nda yer alan K\u00fctahya, 50 MW'\u0131n \u00fczerinde kapasiteye sahip Simav jeotermal sahas\u0131na ev sahipli\u011fi yapmaktad\u0131r. Saha hem elektrik \u00fcretimi hem de b\u00f6lgesel \u0131s\u0131tma i\u00e7in kullan\u0131lmaktad\u0131r.<\/li><br>\n \t<li>\u0130zmir \u0130li: T\u00fcrkiye'nin bat\u0131s\u0131nda yer alan \u0130zmir, kapasitesi 20 MW'\u0131n \u00fczerinde olan Seferihisar ve Bergama jeotermal sahas\u0131na ev sahipli\u011fi yapmaktad\u0131r. Seferihisar sahas\u0131 elektirik ve yak\u0131n gelecekte kapl\u0131ca turizmi, Bergama sahas\u0131 hem elektrik \u00fcretimi hem de sera \u0131s\u0131tmas\u0131 i\u00e7in kullan\u0131lmaktad\u0131r.<\/li><br>\n \t<li>Ankara \u0130li: T\u00fcrkiye'nin merkezinde yer alan Ankara, 10 MW'\u0131n \u00fczerinde kapasiteye sahip olan Tuz G\u00f6l\u00fc jeotermal sahas\u0131na ev sahipli\u011fi yapmaktad\u0131r. Alan elektrik \u00fcretimi i\u00e7in kullan\u0131lmaktad\u0131r.<\/li><br>\n<\/ol>\nBunlar, T\u00fcrkiye'deki ba\u015fl\u0131ca jeotermal alanlardan sadece birka\u00e7\u0131d\u0131r ve \u00fclke, daha fazla jeotermal geli\u015fme i\u00e7in \u00f6nemli bir potansiyele sahiptir. \u00dclkemiz, 2023 y\u0131l\u0131na kadar T\u00fcrkiye'yi d\u00fcnyan\u0131n \u00f6nde gelen jeotermal enerji \u00fcreticilerinden biri yapacak olan 1 GW kurulu jeotermal kapasite hedefi belirledi.<\/li>\n<\/ul>\t\t\t\t\t\t<\/div>\n\t\t\t\t<\/div>\n\t\t\t\t\t<\/div>\n\t\t<\/div>\n\t\t\t\t\t\t\t<\/div>\n\t\t<\/section>\n\t\t\t\t\t<\/div>\n\t\t<\/div>\n\t\t\t\t\t\t\t<\/div>\n\t\t<\/section>\n\t\t\t\t<section class=\"elementor-section elementor-top-section elementor-element elementor-element-4ec5836 elementor-section-boxed elementor-section-height-default elementor-section-height-default\" data-id=\"4ec5836\" data-element_type=\"section\" data-settings=\"{&quot;_ha_eqh_enable&quot;:false}\">\n\t\t\t\t\t\t<div class=\"elementor-container elementor-column-gap-default\">\n\t\t\t\t\t<div class=\"elementor-column elementor-col-100 elementor-top-column elementor-element elementor-element-922a446\" data-id=\"922a446\" data-element_type=\"column\">\n\t\t\t<div class=\"elementor-widget-wrap elementor-element-populated\">\n\t\t\t\t\t\t\t\t<section class=\"elementor-section elementor-inner-section elementor-element elementor-element-c3aeb51 elementor-section-boxed elementor-section-height-default elementor-section-height-default\" data-id=\"c3aeb51\" data-element_type=\"section\" data-settings=\"{&quot;_ha_eqh_enable&quot;:false}\">\n\t\t\t\t\t\t<div class=\"elementor-container elementor-column-gap-default\">\n\t\t\t\t\t<div class=\"elementor-column elementor-col-25 elementor-inner-column elementor-element elementor-element-c09fdf6\" data-id=\"c09fdf6\" data-element_type=\"column\">\n\t\t\t<div class=\"elementor-widget-wrap elementor-element-populated\">\n\t\t\t\t\t\t\t\t<div class=\"elementor-element elementor-element-62ea94c elementor-view-default elementor-mobile-position-top elementor-vertical-align-top elementor-widget elementor-widget-icon-box\" data-id=\"62ea94c\" data-element_type=\"widget\" data-widget_type=\"icon-box.default\">\n\t\t\t\t<div class=\"elementor-widget-container\">\n\t\t\t\t\t<div class=\"elementor-icon-box-wrapper\">\n\t\t\t\t\t\t<div class=\"elementor-icon-box-icon\">\n\t\t\t\t<span class=\"elementor-icon elementor-animation-\" >\n\t\t\t\t<i aria-hidden=\"true\" class=\"fas fa-check-double\"><\/i>\t\t\t\t<\/span>\n\t\t\t<\/div>\n\t\t\t\t\t\t<div class=\"elementor-icon-box-content\">\n\t\t\t\t<h3 class=\"elementor-icon-box-title\">\n\t\t\t\t\t<span  >\n\t\t\t\t\t\tRe-Enjeksiyon\t\t\t\t\t<\/span>\n\t\t\t\t<\/h3>\n\t\t\t\t\t\t\t\t\t<p class=\"elementor-icon-box-description\">\n\t\t\t\t\t\trezervuardaki bas\u0131n\u00e7 seviyesinin korunmas\u0131na yard\u0131mc\u0131 olur. Reenjeksiyonun bir di\u011fer \u00f6nemli faydas\u0131, so\u011futulmu\u015f su ile kaya matrisinin s\u00fcrekli olarak y\u0131kanmas\u0131 sayesinde rezervuardan geri kazan\u0131labilir enerjinin \u00f6nemli \u00f6l\u00e7\u00fcde artmas\u0131d\u0131r.\t\t\t\t\t<\/p>\n\t\t\t\t\t\t\t<\/div>\n\t\t<\/div>\n\t\t\t\t<\/div>\n\t\t\t\t<\/div>\n\t\t\t\t\t<\/div>\n\t\t<\/div>\n\t\t\t\t<div class=\"elementor-column elementor-col-25 elementor-inner-column elementor-element elementor-element-929c746\" data-id=\"929c746\" data-element_type=\"column\">\n\t\t\t<div class=\"elementor-widget-wrap elementor-element-populated\">\n\t\t\t\t\t\t\t\t<div class=\"elementor-element elementor-element-a3e0a8a elementor-view-default elementor-mobile-position-top elementor-vertical-align-top elementor-widget elementor-widget-icon-box\" data-id=\"a3e0a8a\" data-element_type=\"widget\" data-widget_type=\"icon-box.default\">\n\t\t\t\t<div class=\"elementor-widget-container\">\n\t\t\t\t\t<div class=\"elementor-icon-box-wrapper\">\n\t\t\t\t\t\t<div class=\"elementor-icon-box-icon\">\n\t\t\t\t<span class=\"elementor-icon elementor-animation-\" >\n\t\t\t\t<i aria-hidden=\"true\" class=\"fas fa-power-off\"><\/i>\t\t\t\t<\/span>\n\t\t\t<\/div>\n\t\t\t\t\t\t<div class=\"elementor-icon-box-content\">\n\t\t\t\t<h3 class=\"elementor-icon-box-title\">\n\t\t\t\t\t<span  >\n\t\t\t\t\t\tJeotermal g\u00fc\u00e7\t\t\t\t\t<\/span>\n\t\t\t\t<\/h3>\n\t\t\t\t\t\t\t\t\t<p class=\"elementor-icon-box-description\">\n\t\t\t\t\t\t\u00fcretim tesisi b\u00fcy\u00fck \u00f6l\u00e7\u00fcde yaln\u0131zca yer y\u00fcz\u00fcnde \u00fcretilen fazla buhar\u0131 serbest b\u0131rak\u0131r, yer alt\u0131nda gelen hava veya s\u0131v\u0131'y\u0131 do\u011faya, yery\u00fcz\u00fcne salmaz. Bu nedenle jeotermal enerji santralleri temiz bir elektrik kayna\u011f\u0131 ve \u00fclkenin s\u0131f\u0131r karbonlu gelece\u011fine \u00f6nemli bir katk\u0131 sa\u011flar.\t\t\t\t\t<\/p>\n\t\t\t\t\t\t\t<\/div>\n\t\t<\/div>\n\t\t\t\t<\/div>\n\t\t\t\t<\/div>\n\t\t\t\t\t<\/div>\n\t\t<\/div>\n\t\t\t\t<div class=\"elementor-column elementor-col-25 elementor-inner-column elementor-element elementor-element-e24bdba\" data-id=\"e24bdba\" data-element_type=\"column\">\n\t\t\t<div class=\"elementor-widget-wrap elementor-element-populated\">\n\t\t\t\t\t\t\t\t<div class=\"elementor-element elementor-element-748ebc6 elementor-view-default elementor-mobile-position-top elementor-vertical-align-top elementor-widget elementor-widget-icon-box\" data-id=\"748ebc6\" data-element_type=\"widget\" data-widget_type=\"icon-box.default\">\n\t\t\t\t<div class=\"elementor-widget-container\">\n\t\t\t\t\t<div class=\"elementor-icon-box-wrapper\">\n\t\t\t\t\t\t<div class=\"elementor-icon-box-icon\">\n\t\t\t\t<span class=\"elementor-icon elementor-animation-\" >\n\t\t\t\t<i aria-hidden=\"true\" class=\"icon icon-energy-saving\"><\/i>\t\t\t\t<\/span>\n\t\t\t<\/div>\n\t\t\t\t\t\t<div class=\"elementor-icon-box-content\">\n\t\t\t\t<h3 class=\"elementor-icon-box-title\">\n\t\t\t\t\t<span  >\n\t\t\t\t\t\tJeotermal enerji\t\t\t\t\t<\/span>\n\t\t\t\t<\/h3>\n\t\t\t\t\t\t\t\t\t<p class=\"elementor-icon-box-description\">\n\t\t\t\t\t\ttemiz, g\u00fcvenilir ve yenilenebilir bir kaynak oldu\u011fu i\u00e7in en verimli ve s\u00fcrd\u00fcr\u00fclebilir enerji t\u00fcrlerinden biri olarak kabul edilir. Elektrik \u00fcretmek ve \u0131s\u0131tma ve so\u011futma sa\u011flamak i\u00e7in d\u00fcnya y\u00fczeyinin i\u00e7indeki \u0131s\u0131y\u0131 kullan\u0131r.\t\t\t\t\t<\/p>\n\t\t\t\t\t\t\t<\/div>\n\t\t<\/div>\n\t\t\t\t<\/div>\n\t\t\t\t<\/div>\n\t\t\t\t\t<\/div>\n\t\t<\/div>\n\t\t\t\t<div class=\"elementor-column elementor-col-25 elementor-inner-column elementor-element elementor-element-43b767a\" data-id=\"43b767a\" data-element_type=\"column\">\n\t\t\t<div class=\"elementor-widget-wrap elementor-element-populated\">\n\t\t\t\t\t\t\t\t<div class=\"elementor-element elementor-element-b0331b0 elementor-view-default elementor-mobile-position-top elementor-vertical-align-top elementor-widget elementor-widget-icon-box\" data-id=\"b0331b0\" data-element_type=\"widget\" data-widget_type=\"icon-box.default\">\n\t\t\t\t<div class=\"elementor-widget-container\">\n\t\t\t\t\t<div class=\"elementor-icon-box-wrapper\">\n\t\t\t\t\t\t<div class=\"elementor-icon-box-icon\">\n\t\t\t\t<span class=\"elementor-icon elementor-animation-\" >\n\t\t\t\t<i aria-hidden=\"true\" class=\"fas fa-globe\"><\/i>\t\t\t\t<\/span>\n\t\t\t<\/div>\n\t\t\t\t\t\t<div class=\"elementor-icon-box-content\">\n\t\t\t\t<h3 class=\"elementor-icon-box-title\">\n\t\t\t\t\t<span  >\n\t\t\t\t\t\tJeotermal kaynaklar\t\t\t\t\t<\/span>\n\t\t\t\t<\/h3>\n\t\t\t\t\t\t\t\t\t<p class=\"elementor-icon-box-description\">\n\t\t\t\t\t\tyenilenebilir bir enerjidir ve asla t\u00fckenmez. Bol miktarda jeotermal enerji, D\u00fcnya var oldu\u011fu s\u00fcrece mevcut olacakt\u0131r. D\u00fcnyan\u0131n i\u00e7 \u00e7ekirde\u011fi taraf\u0131ndan \u00fcretilen \u0131s\u0131dan yenilenebilir bir enerji kayna\u011f\u0131d\u0131r ve 7\/24\/365 kullan\u0131labilir.\t\t\t\t\t<\/p>\n\t\t\t\t\t\t\t<\/div>\n\t\t<\/div>\n\t\t\t\t<\/div>\n\t\t\t\t<\/div>\n\t\t\t\t\t<\/div>\n\t\t<\/div>\n\t\t\t\t\t\t\t<\/div>\n\t\t<\/section>\n\t\t\t\t<section class=\"elementor-section elementor-inner-section elementor-element elementor-element-15a4739 elementor-section-content-middle elementor-section-boxed elementor-section-height-default elementor-section-height-default\" data-id=\"15a4739\" data-element_type=\"section\" data-settings=\"{&quot;_ha_eqh_enable&quot;:false}\">\n\t\t\t\t\t\t<div class=\"elementor-container elementor-column-gap-extended\">\n\t\t\t\t\t<div class=\"elementor-column elementor-col-50 elementor-inner-column elementor-element elementor-element-bf0d607\" data-id=\"bf0d607\" data-element_type=\"column\">\n\t\t\t<div class=\"elementor-widget-wrap elementor-element-populated\">\n\t\t\t\t\t\t\t\t<div class=\"elementor-element elementor-element-cc9bd79 elementor-aspect-ratio-43 elementor-widget elementor-widget-Element_Ready_Widget_Video\" data-id=\"cc9bd79\" data-element_type=\"widget\" data-settings=\"{&quot;aspect_ratio&quot;:&quot;43&quot;}\" data-widget_type=\"Element_Ready_Widget_Video.default\">\n\t\t\t\t<div class=\"elementor-widget-container\">\n\t\t\t\t\t<div class=\"elementor-wrapper elementor-fit-aspect-ratio elementor-open-inline\">\r\n\t\t\t<iframe class=\"elementor-video-iframe\" allowfullscreen title=\"youtube Video Oynat\u0131c\u0131\" src=\"https:\/\/www.youtube-nocookie.com\/embed\/YHvL9gUOg0M?feature=oembed&amp;start&amp;end&amp;wmode=opaque&amp;loop=0&amp;controls=0&amp;mute=0&amp;rel=0&amp;modestbranding=0\"><\/iframe>\t\t<\/div>\r\n\t\t\t<\/div>\n\t\t\t\t<\/div>\n\t\t\t\t<div class=\"elementor-element elementor-element-e9fe476 elementor-widget elementor-widget-heading\" data-id=\"e9fe476\" data-element_type=\"widget\" data-widget_type=\"heading.default\">\n\t\t\t\t<div class=\"elementor-widget-container\">\n\t\t\t<h2 class=\"elementor-heading-title elementor-size-default\"><a href=\"https:\/\/www.youtube.com\/@telavivuniversity\" target=\"_blank\">Bu videonun orijinalini ve daha fazlas\u0131n\u0131 ayn\u0131 kaynaktan bir youtube kanal\u0131ndan izleyebilirsiniz. https:\/\/www.youtube.com\/@telavivuniversity<\/a><\/h2>\t\t<\/div>\n\t\t\t\t<\/div>\n\t\t\t\t\t<\/div>\n\t\t<\/div>\n\t\t\t\t<div class=\"elementor-column elementor-col-50 elementor-inner-column elementor-element elementor-element-bd0dc22\" data-id=\"bd0dc22\" data-element_type=\"column\">\n\t\t\t<div class=\"elementor-widget-wrap elementor-element-populated\">\n\t\t\t\t\t\t\t\t<div class=\"elementor-element elementor-element-689cd63 elementor-widget elementor-widget-heading\" data-id=\"689cd63\" data-element_type=\"widget\" data-widget_type=\"heading.default\">\n\t\t\t\t<div class=\"elementor-widget-container\">\n\t\t\t<h2 class=\"elementor-heading-title elementor-size-default\">D\u00fc\u015f\u00fck karbonlu enerji aileleri:<\/h2>\t\t<\/div>\n\t\t\t\t<\/div>\n\t\t\t\t<div class=\"elementor-element elementor-element-026df40 elementor-tabs-view-horizontal elementor-widget elementor-widget-tabs\" data-id=\"026df40\" data-element_type=\"widget\" data-widget_type=\"tabs.default\">\n\t\t\t\t<div class=\"elementor-widget-container\">\n\t\t\t\t\t<div class=\"elementor-tabs\">\r\n\t\t\t<div class=\"elementor-tabs-wrapper\" role=\"tablist\" >\r\n\t\t\t\t\t\t\t\t\t<div id=\"elementor-tab-title-2541\" class=\"elementor-tab-title elementor-tab-desktop-title\" aria-selected=\"true\" data-tab=\"1\" role=\"tab\" tabindex=\"0\" aria-controls=\"elementor-tab-content-2541\" aria-expanded=\"false\">Jeotermal<\/div>\r\n\t\t\t\t\t\t\t\t\t<div id=\"elementor-tab-title-2542\" class=\"elementor-tab-title elementor-tab-desktop-title\" aria-selected=\"false\" data-tab=\"2\" role=\"tab\" tabindex=\"-1\" aria-controls=\"elementor-tab-content-2542\" aria-expanded=\"false\">G\u00fcne\u015f<\/div>\r\n\t\t\t\t\t\t\t\t\t<div id=\"elementor-tab-title-2543\" class=\"elementor-tab-title elementor-tab-desktop-title\" aria-selected=\"false\" data-tab=\"3\" role=\"tab\" tabindex=\"-1\" aria-controls=\"elementor-tab-content-2543\" aria-expanded=\"false\">Rizgar<\/div>\r\n\t\t\t\t\t\t\t<\/div>\r\n\t\t\t<div class=\"elementor-tabs-content-wrapper\" role=\"tablist\" aria-orientation=\"vertical\">\r\n\t\t\t\t\t\t\t\t\t<div class=\"elementor-tab-title elementor-tab-mobile-title\" aria-selected=\"true\" data-tab=\"1\" role=\"tab\" tabindex=\"0\" aria-controls=\"elementor-tab-content-2541\" aria-expanded=\"false\">Jeotermal<\/div>\r\n\t\t\t\t\t<div id=\"elementor-tab-content-2541\" class=\"elementor-tab-content elementor-clearfix\" data-tab=\"1\" role=\"tabpanel\" aria-labelledby=\"elementor-tab-title-2541\" tabindex=\"0\" hidden=\"false\"><p>Jeotermal enerji, en az dezavantajla en fazla potansiyele sahiptir.<\/p><\/div>\r\n\t\t\t\t\t\t\t\t\t<div class=\"elementor-tab-title elementor-tab-mobile-title\" aria-selected=\"false\" data-tab=\"2\" role=\"tab\" tabindex=\"-1\" aria-controls=\"elementor-tab-content-2542\" aria-expanded=\"false\">G\u00fcne\u015f<\/div>\r\n\t\t\t\t\t<div id=\"elementor-tab-content-2542\" class=\"elementor-tab-content elementor-clearfix\" data-tab=\"2\" role=\"tabpanel\" aria-labelledby=\"elementor-tab-title-2542\" tabindex=\"0\" hidden=\"hidden\"><p>G\u00fcne\u015f panelleri, s\u0131f\u0131r emisyonla g\u00fc\u00e7 \u00fcretme yetene\u011fine sahiptir. \u00dcretilen g\u00fc\u00e7, enerji talebinizi beslemek i\u00e7in kullan\u0131labilir ve geleneksel enerji ihtiya\u00e7lar\u0131n\u0131 m\u00fckemmel bir \u015fekilde ye\u015fil enerji ile de\u011fi\u015ftirir.\u00a0<b>\u00dcretilen her bir kilovat ye\u015fil enerji, karbon ayak izini y\u0131lda 1360 Kg azaltabilir.<\/b>.<\/p><\/div>\r\n\t\t\t\t\t\t\t\t\t<div class=\"elementor-tab-title elementor-tab-mobile-title\" aria-selected=\"false\" data-tab=\"3\" role=\"tab\" tabindex=\"-1\" aria-controls=\"elementor-tab-content-2543\" aria-expanded=\"false\">Rizgar<\/div>\r\n\t\t\t\t\t<div id=\"elementor-tab-content-2543\" class=\"elementor-tab-content elementor-clearfix\" data-tab=\"3\" role=\"tabpanel\" aria-labelledby=\"elementor-tab-title-2543\" tabindex=\"0\" hidden=\"hidden\"><p>R\u00fczgar enerjisi, yine fosil yak\u0131tlar\u0131n\u0131 ihtiya\u00e7 duymadan uygulanabilir bir alternatifidir. CO2 veya di\u011fer hava kirleticileri yaymaz. \u00d6mr\u00fc boyunca neredeyse karbonsuz \u00e7al\u0131\u015f\u0131r.<\/p><\/div>\r\n\t\t\t\t\t\t\t<\/div>\r\n\t\t<\/div>\r\n\t\t\t\t<\/div>\n\t\t\t\t<\/div>\n\t\t\t\t\t<\/div>\n\t\t<\/div>\n\t\t\t\t\t\t\t<\/div>\n\t\t<\/section>\n\t\t\t\t\t<\/div>\n\t\t<\/div>\n\t\t\t\t\t\t\t<\/div>\n\t\t<\/section>\n\t\t\t\t\t\t\t<\/div>","protected":false},"excerpt":{"rendered":"<p>Geothermal Map Of Turkey Turkey is located in a region with high geothermal potential due to its location on the active tectonic boundary between the Eurasian and African plates. The country has more than 1,000 hot springs and 150 geothermal fields, with a total installed geothermal capacity of over 1,600 MW. Location Specific Turkey has [&hellip;]<\/p>","protected":false},"author":1,"featured_media":0,"parent":0,"menu_order":0,"comment_status":"closed","ping_status":"closed","template":"page-templates\/breadcrumb.php","meta":{"footnotes":""},"class_list":["post-6161","page","type-page","status-publish","hentry"],"_links":{"self":[{"href":"https:\/\/jeotermalenerji.com.tr\/tr\/wp-json\/wp\/v2\/pages\/6161","targetHints":{"allow":["GET"]}}],"collection":[{"href":"https:\/\/jeotermalenerji.com.tr\/tr\/wp-json\/wp\/v2\/pages"}],"about":[{"href":"https:\/\/jeotermalenerji.com.tr\/tr\/wp-json\/wp\/v2\/types\/page"}],"author":[{"embeddable":true,"href":"https:\/\/jeotermalenerji.com.tr\/tr\/wp-json\/wp\/v2\/users\/1"}],"replies":[{"embeddable":true,"href":"https:\/\/jeotermalenerji.com.tr\/tr\/wp-json\/wp\/v2\/comments?post=6161"}],"version-history":[{"count":39,"href":"https:\/\/jeotermalenerji.com.tr\/tr\/wp-json\/wp\/v2\/pages\/6161\/revisions"}],"predecessor-version":[{"id":6411,"href":"https:\/\/jeotermalenerji.com.tr\/tr\/wp-json\/wp\/v2\/pages\/6161\/revisions\/6411"}],"wp:attachment":[{"href":"https:\/\/jeotermalenerji.com.tr\/tr\/wp-json\/wp\/v2\/media?parent=6161"}],"curies":[{"name":"wp","href":"https:\/\/api.w.org\/{rel}","templated":true}]}}