{"id":6458,"date":"2023-02-18T09:34:23","date_gmt":"2023-02-18T09:34:23","guid":{"rendered":"http:\/\/jeotermalenerji.com.tr\/?page_id=6458"},"modified":"2023-02-18T09:43:08","modified_gmt":"2023-02-18T09:43:08","slug":"geothermal-hydrogen","status":"publish","type":"page","link":"https:\/\/jeotermalenerji.com.tr\/tr\/geothermal-hydrogen\/","title":{"rendered":"Geothermal Hydrogen"},"content":{"rendered":"<div data-elementor-type=\"wp-page\" data-elementor-id=\"6458\" class=\"elementor elementor-6458\">\n\t\t\t\t\t\t\t\t\t<section class=\"elementor-section elementor-top-section elementor-element elementor-element-901fef4 elementor-section-boxed elementor-section-height-default elementor-section-height-default\" data-id=\"901fef4\" data-element_type=\"section\" data-settings=\"{&quot;_ha_eqh_enable&quot;:false}\">\n\t\t\t\t\t\t<div class=\"elementor-container elementor-column-gap-default\">\n\t\t\t\t\t<div class=\"elementor-column elementor-col-100 elementor-top-column elementor-element elementor-element-fec37f2\" data-id=\"fec37f2\" data-element_type=\"column\">\n\t\t\t<div class=\"elementor-widget-wrap elementor-element-populated\">\n\t\t\t\t\t\t\t\t<section class=\"elementor-section elementor-inner-section elementor-element elementor-element-b92e582 elementor-section-boxed elementor-section-height-default elementor-section-height-default\" data-id=\"b92e582\" data-element_type=\"section\" data-settings=\"{&quot;_ha_eqh_enable&quot;:false}\">\n\t\t\t\t\t\t<div class=\"elementor-container elementor-column-gap-default\">\n\t\t\t\t\t<div class=\"elementor-column elementor-col-100 elementor-inner-column elementor-element elementor-element-494c8c5\" data-id=\"494c8c5\" data-element_type=\"column\">\n\t\t\t<div class=\"elementor-widget-wrap elementor-element-populated\">\n\t\t\t\t\t\t\t\t<div class=\"elementor-element elementor-element-4017128 elementor-widget elementor-widget-image\" data-id=\"4017128\" data-element_type=\"widget\" data-widget_type=\"image.default\">\n\t\t\t\t<div class=\"elementor-widget-container\">\n\t\t\t\t\t\t\t\t\t\t\t\t\t\t\t<img loading=\"lazy\" decoding=\"async\" width=\"2560\" height=\"1439\" src=\"https:\/\/jeotermalenerji.com.tr\/wp-content\/uploads\/2023\/02\/lithium-001-scaled.jpg\" class=\"attachment-full size-full wp-image-5546\" alt=\"\" srcset=\"https:\/\/jeotermalenerji.com.tr\/wp-content\/uploads\/2023\/02\/lithium-001-scaled.jpg 2560w, https:\/\/jeotermalenerji.com.tr\/wp-content\/uploads\/2023\/02\/lithium-001-300x169.jpg 300w, https:\/\/jeotermalenerji.com.tr\/wp-content\/uploads\/2023\/02\/lithium-001-1024x575.jpg 1024w, https:\/\/jeotermalenerji.com.tr\/wp-content\/uploads\/2023\/02\/lithium-001-768x432.jpg 768w, https:\/\/jeotermalenerji.com.tr\/wp-content\/uploads\/2023\/02\/lithium-001-1536x863.jpg 1536w, https:\/\/jeotermalenerji.com.tr\/wp-content\/uploads\/2023\/02\/lithium-001-2048x1151.jpg 2048w, https:\/\/jeotermalenerji.com.tr\/wp-content\/uploads\/2023\/02\/lithium-001-18x10.jpg 18w, https:\/\/jeotermalenerji.com.tr\/wp-content\/uploads\/2023\/02\/lithium-001-570x320.jpg 570w, https:\/\/jeotermalenerji.com.tr\/wp-content\/uploads\/2023\/02\/lithium-001-270x152.jpg 270w, https:\/\/jeotermalenerji.com.tr\/wp-content\/uploads\/2023\/02\/lithium-001-1320x742.jpg 1320w\" sizes=\"auto, (max-width: 2560px) 100vw, 2560px\" \/>\t\t\t\t\t\t\t\t\t\t\t\t\t\t\t<\/div>\n\t\t\t\t<\/div>\n\t\t\t\t\t<\/div>\n\t\t<\/div>\n\t\t\t\t\t\t\t<\/div>\n\t\t<\/section>\n\t\t\t\t<div class=\"elementor-element elementor-element-0b352d7 elementor-widget elementor-widget-spacer\" data-id=\"0b352d7\" data-element_type=\"widget\" data-widget_type=\"spacer.default\">\n\t\t\t\t<div class=\"elementor-widget-container\">\n\t\t\t\t\t<div class=\"elementor-spacer\">\n\t\t\t<div class=\"elementor-spacer-inner\"><\/div>\n\t\t<\/div>\n\t\t\t\t<\/div>\n\t\t\t\t<\/div>\n\t\t\t\t\t<\/div>\n\t\t<\/div>\n\t\t\t\t\t\t\t<\/div>\n\t\t<\/section>\n\t\t\t\t<section class=\"elementor-section elementor-top-section elementor-element elementor-element-4ec5836 elementor-section-boxed elementor-section-height-default elementor-section-height-default\" data-id=\"4ec5836\" data-element_type=\"section\" data-settings=\"{&quot;_ha_eqh_enable&quot;:false}\">\n\t\t\t\t\t\t<div class=\"elementor-container elementor-column-gap-default\">\n\t\t\t\t\t<div class=\"elementor-column elementor-col-100 elementor-top-column elementor-element elementor-element-922a446\" data-id=\"922a446\" data-element_type=\"column\">\n\t\t\t<div class=\"elementor-widget-wrap elementor-element-populated\">\n\t\t\t\t\t\t\t\t<div class=\"elementor-element elementor-element-255c1ba elementor-widget elementor-widget-heading\" data-id=\"255c1ba\" data-element_type=\"widget\" data-widget_type=\"heading.default\">\n\t\t\t\t<div class=\"elementor-widget-container\">\n\t\t\t<h2 class=\"elementor-heading-title elementor-size-default\">Lithium Production from Geothermal<\/h2>\t\t<\/div>\n\t\t\t\t<\/div>\n\t\t\t\t<section class=\"elementor-section elementor-inner-section elementor-element elementor-element-15a4739 elementor-section-content-middle elementor-section-boxed elementor-section-height-default elementor-section-height-default\" data-id=\"15a4739\" data-element_type=\"section\" data-settings=\"{&quot;_ha_eqh_enable&quot;:false}\">\n\t\t\t\t\t\t<div class=\"elementor-container elementor-column-gap-extended\">\n\t\t\t\t\t<div class=\"elementor-column elementor-col-50 elementor-inner-column elementor-element elementor-element-bf0d607\" data-id=\"bf0d607\" data-element_type=\"column\">\n\t\t\t<div class=\"elementor-widget-wrap elementor-element-populated\">\n\t\t\t\t\t\t\t\t<div class=\"elementor-element elementor-element-7a086e3 elementor-drop-cap-yes elementor-drop-cap-view-default elementor-widget elementor-widget-text-editor\" data-id=\"7a086e3\" data-element_type=\"widget\" data-settings=\"{&quot;drop_cap&quot;:&quot;yes&quot;}\" data-widget_type=\"text-editor.default\">\n\t\t\t\t<div class=\"elementor-widget-container\">\n\t\t\t\t\t\t\t<p>Geothermal energy refers to the heat that is naturally generated within the Earth&#8217;s crust, and it can be harnessed to generate electricity and produce hydrogen. The process of producing hydrogen from geothermal energy involves using the heat generated by geothermal sources to power the electrolysis of water, which produces hydrogen and oxygen.<\/p><p>Here is a general overview of the process of hydrogen production from geothermal energy:<\/p><p>The first step is to identify and tap into geothermal resources, which are typically found in areas where there is significant volcanic activity, such as along tectonic plate boundaries. Geothermal power plants use these resources to generate electricity, which can then be used to power the hydrogen production process.<\/p><p>The second step involves using the geothermal energy to power an electrolyzer, which splits water molecules into hydrogen and oxygen. The electrolyzer contains two electrodes (an anode and a cathode) separated by a membrane. When an electric current is applied to the electrodes, water molecules are split into hydrogen ions (H+) and hydroxide ions (OH-). The hydrogen ions are attracted to the cathode, where they pick up electrons and form hydrogen gas (H2), while the oxygen ions are attracted to the anode and form oxygen gas (O2).<\/p><p>The third step involves separating the hydrogen and oxygen gases produced by the electrolyzer. The oxygen gas can be released into the atmosphere, while the hydrogen gas can be stored for use as a fuel or used in other industrial processes.<\/p>\t\t\t\t\t\t<\/div>\n\t\t\t\t<\/div>\n\t\t\t\t\t<\/div>\n\t\t<\/div>\n\t\t\t\t<div class=\"elementor-column elementor-col-50 elementor-inner-column elementor-element elementor-element-bd0dc22\" data-id=\"bd0dc22\" data-element_type=\"column\">\n\t\t\t<div class=\"elementor-widget-wrap elementor-element-populated\">\n\t\t\t\t\t\t\t\t<div class=\"elementor-element elementor-element-53e7e0a elementor-widget elementor-widget-text-editor\" data-id=\"53e7e0a\" data-element_type=\"widget\" data-widget_type=\"text-editor.default\">\n\t\t\t\t<div class=\"elementor-widget-container\">\n\t\t\t\t\t\t\t<p>There are several advantages to producing hydrogen from geothermal energy. Geothermal energy is a renewable and sustainable energy source that does not produce greenhouse gas emissions, and the process of producing hydrogen from geothermal energy is also highly efficient. However, the cost of building and maintaining geothermal power plants can be high, which can make it more expensive to produce hydrogen from geothermal energy compared to other methods.<\/p><p>Overall, hydrogen production from geothermal energy is a promising area of research and development, and it has the potential to play an important role in the transition to a low-carbon energy system.<\/p>\t\t\t\t\t\t<\/div>\n\t\t\t\t<\/div>\n\t\t\t\t<div class=\"elementor-element elementor-element-cc9bd79 elementor-aspect-ratio-43 elementor-widget elementor-widget-Element_Ready_Widget_Video\" data-id=\"cc9bd79\" data-element_type=\"widget\" data-settings=\"{&quot;aspect_ratio&quot;:&quot;43&quot;}\" data-widget_type=\"Element_Ready_Widget_Video.default\">\n\t\t\t\t<div class=\"elementor-widget-container\">\n\t\t\t\t\t<div class=\"elementor-wrapper elementor-fit-aspect-ratio elementor-open-inline\">\r\n\t\t\t<iframe class=\"elementor-video-iframe\" allowfullscreen title=\"youtube Video Oynat\u0131c\u0131\" src=\"https:\/\/www.youtube-nocookie.com\/embed\/jBmrldRp5pY?feature=oembed&amp;start&amp;end&amp;wmode=opaque&amp;loop=0&amp;controls=0&amp;mute=0&amp;rel=0&amp;modestbranding=0\"><\/iframe>\t\t<\/div>\r\n\t\t\t<\/div>\n\t\t\t\t<\/div>\n\t\t\t\t<div class=\"elementor-element elementor-element-7c38737 elementor-widget elementor-widget-text-editor\" data-id=\"7c38737\" data-element_type=\"widget\" data-widget_type=\"text-editor.default\">\n\t\t\t\t<div class=\"elementor-widget-container\">\n\t\t\t\t\t\t\t<p>For original of this video and more from its contect creator please visit : YouTube <a href=\"https:\/\/www.youtube.com\/@ConversationEDU\" target=\"_blank\" rel=\"noopener\">@ConversationEDU<\/a><\/p>\t\t\t\t\t\t<\/div>\n\t\t\t\t<\/div>\n\t\t\t\t\t<\/div>\n\t\t<\/div>\n\t\t\t\t\t\t\t<\/div>\n\t\t<\/section>\n\t\t\t\t\t<\/div>\n\t\t<\/div>\n\t\t\t\t\t\t\t<\/div>\n\t\t<\/section>\n\t\t\t\t<section class=\"elementor-section elementor-top-section elementor-element elementor-element-7045293 elementor-section-boxed elementor-section-height-default elementor-section-height-default\" data-id=\"7045293\" data-element_type=\"section\" data-settings=\"{&quot;_ha_eqh_enable&quot;:false}\">\n\t\t\t\t\t\t<div class=\"elementor-container elementor-column-gap-default\">\n\t\t\t\t\t<div class=\"elementor-column elementor-col-100 elementor-top-column elementor-element elementor-element-c86ca73\" data-id=\"c86ca73\" data-element_type=\"column\">\n\t\t\t<div class=\"elementor-widget-wrap elementor-element-populated\">\n\t\t\t\t\t\t\t\t<section class=\"elementor-section elementor-inner-section elementor-element elementor-element-e4eba8b elementor-section-boxed elementor-section-height-default elementor-section-height-default\" data-id=\"e4eba8b\" data-element_type=\"section\" data-settings=\"{&quot;_ha_eqh_enable&quot;:false}\">\n\t\t\t\t\t\t<div class=\"elementor-container elementor-column-gap-default\">\n\t\t\t\t\t<div class=\"elementor-column elementor-col-25 elementor-inner-column elementor-element elementor-element-c653f5d\" data-id=\"c653f5d\" data-element_type=\"column\">\n\t\t\t<div class=\"elementor-widget-wrap elementor-element-populated\">\n\t\t\t\t\t\t\t\t<div class=\"elementor-element elementor-element-7c8ee4f elementor-view-default elementor-mobile-position-top elementor-vertical-align-top elementor-widget elementor-widget-icon-box\" data-id=\"7c8ee4f\" data-element_type=\"widget\" data-widget_type=\"icon-box.default\">\n\t\t\t\t<div class=\"elementor-widget-container\">\n\t\t\t\t\t<div class=\"elementor-icon-box-wrapper\">\n\t\t\t\t\t\t<div class=\"elementor-icon-box-icon\">\n\t\t\t\t<span class=\"elementor-icon elementor-animation-\" >\n\t\t\t\t<i aria-hidden=\"true\" class=\"fas fa-check-double\"><\/i>\t\t\t\t<\/span>\n\t\t\t<\/div>\n\t\t\t\t\t\t<div class=\"elementor-icon-box-content\">\n\t\t\t\t<h3 class=\"elementor-icon-box-title\">\n\t\t\t\t\t<span  >\n\t\t\t\t\t\t\u0130klim De\u011fi\u015fikli\u011fine Yard\u0131mc\u0131 Olur\t\t\t\t\t<\/span>\n\t\t\t\t<\/h3>\n\t\t\t\t\t\t\t\t\t<p class=\"elementor-icon-box-description\">\n\t\t\t\t\t\tJeotermal enerji, t\u00fcm enerji t\u00fcrlerinin alt\u0131nc\u0131 en d\u00fc\u015f\u00fck karbon ayak izine sahiptir. \u00dcretilen kWh ba\u015f\u0131na, jeotermal enerji 38 gram CO2 yayarak enerji sistemleri i\u00e7inde .evre dostu olarak en az\u0131 konumundad\u0131r. \u0130klim de\u011fi\u015fikli\u011fiyle m\u00fccadele eder, \u00e7e\u015fitli \u00e7evresel faydalar sa\u011flar ve baz\u0131 lokasyonlarda bindelrle \u00f6l\u00e7\u00fcmlenebilen \u00e7ok az miktarda sera gaz\u0131 emisyonuna sahiptir.\t\t\t\t\t<\/p>\n\t\t\t\t\t\t\t<\/div>\n\t\t<\/div>\n\t\t\t\t<\/div>\n\t\t\t\t<\/div>\n\t\t\t\t\t<\/div>\n\t\t<\/div>\n\t\t\t\t<div class=\"elementor-column elementor-col-25 elementor-inner-column elementor-element elementor-element-8ef63d5\" data-id=\"8ef63d5\" data-element_type=\"column\">\n\t\t\t<div class=\"elementor-widget-wrap elementor-element-populated\">\n\t\t\t\t\t\t\t\t<div class=\"elementor-element elementor-element-494399e elementor-view-default elementor-mobile-position-top elementor-vertical-align-top elementor-widget elementor-widget-icon-box\" data-id=\"494399e\" data-element_type=\"widget\" data-widget_type=\"icon-box.default\">\n\t\t\t\t<div class=\"elementor-widget-container\">\n\t\t\t\t\t<div class=\"elementor-icon-box-wrapper\">\n\t\t\t\t\t\t<div class=\"elementor-icon-box-icon\">\n\t\t\t\t<span class=\"elementor-icon elementor-animation-\" >\n\t\t\t\t<i aria-hidden=\"true\" class=\"fas fa-power-off\"><\/i>\t\t\t\t<\/span>\n\t\t\t<\/div>\n\t\t\t\t\t\t<div class=\"elementor-icon-box-content\">\n\t\t\t\t<h3 class=\"elementor-icon-box-title\">\n\t\t\t\t\t<span  >\n\t\t\t\t\t\tEn d\u00fc\u015f\u00fck CO2 seviyesine sahip \t\t\t\t\t<\/span>\n\t\t\t\t<\/h3>\n\t\t\t\t\t\t\t\t\t<p class=\"elementor-icon-box-description\">\n\t\t\t\t\t\tJeotermal enerji, d\u00fcnyan\u0131n \u00e7ekirde\u011finden gelen \u0131s\u0131y\u0131 kullanan ve \u00e7ok az veya hi\u00e7 at\u0131k \u00fcretmeyen ve ayn\u0131 zamanda en d\u00fc\u015f\u00fck karbondioksit (CO2) emisyon seviyelerinden birini vaat eden s\u00fcrd\u00fcr\u00fclebilir bir enerji kayna\u011f\u0131d\u0131r. Bu y\u00fczden \u015funu sormam\u0131z gerekiyordu: Jeotermal enerjinin karbon ayak izi nedir?\t\t\t\t\t<\/p>\n\t\t\t\t\t\t\t<\/div>\n\t\t<\/div>\n\t\t\t\t<\/div>\n\t\t\t\t<\/div>\n\t\t\t\t\t<\/div>\n\t\t<\/div>\n\t\t\t\t<div class=\"elementor-column elementor-col-25 elementor-inner-column elementor-element elementor-element-188f727\" data-id=\"188f727\" data-element_type=\"column\">\n\t\t\t<div class=\"elementor-widget-wrap elementor-element-populated\">\n\t\t\t\t\t\t\t\t<div class=\"elementor-element elementor-element-1dfbe56 elementor-view-default elementor-mobile-position-top elementor-vertical-align-top elementor-widget elementor-widget-icon-box\" data-id=\"1dfbe56\" data-element_type=\"widget\" data-widget_type=\"icon-box.default\">\n\t\t\t\t<div class=\"elementor-widget-container\">\n\t\t\t\t\t<div class=\"elementor-icon-box-wrapper\">\n\t\t\t\t\t\t<div class=\"elementor-icon-box-icon\">\n\t\t\t\t<span class=\"elementor-icon elementor-animation-\" >\n\t\t\t\t<i aria-hidden=\"true\" class=\"icon icon-energy-saving\"><\/i>\t\t\t\t<\/span>\n\t\t\t<\/div>\n\t\t\t\t\t\t<div class=\"elementor-icon-box-content\">\n\t\t\t\t<h3 class=\"elementor-icon-box-title\">\n\t\t\t\t\t<span  >\n\t\t\t\t\t\tBaz\u0131 Ger\u00e7ekler\t\t\t\t\t<\/span>\n\t\t\t\t<\/h3>\n\t\t\t\t\t\t\t\t\t<p class=\"elementor-icon-box-description\">\n\t\t\t\t\t\t\u0130nsan kaynakl\u0131 t\u00fcm karbondioksit emisyonlar\u0131n\u0131n y\u00fczde seksen be\u015fi, otobiller i\u00e7in kullan\u0131lan benzin, mazot dahil olmak \u00fczere k\u00f6m\u00fcr, do\u011fal gaz ve petrol gibi fosil yak\u0131tlar\u0131n yan\u0131 s\u0131ra \u00e7imento \u00fcretimi gibi baz\u0131 end\u00fcstriyel s\u00fcre\u00e7lerin yanmas\u0131ndan kaynaklanmaktad\u0131r. D\u00fcnyadaki t\u00fcm Termitler, insanlardan daha fazla CO2 \u00fcretir!\n\n\t\t\t\t\t<\/p>\n\t\t\t\t\t\t\t<\/div>\n\t\t<\/div>\n\t\t\t\t<\/div>\n\t\t\t\t<\/div>\n\t\t\t\t\t<\/div>\n\t\t<\/div>\n\t\t\t\t<div class=\"elementor-column elementor-col-25 elementor-inner-column elementor-element elementor-element-14de646\" data-id=\"14de646\" data-element_type=\"column\">\n\t\t\t<div class=\"elementor-widget-wrap elementor-element-populated\">\n\t\t\t\t\t\t\t\t<div class=\"elementor-element elementor-element-947d7b2 elementor-view-default elementor-mobile-position-top elementor-vertical-align-top elementor-widget elementor-widget-icon-box\" data-id=\"947d7b2\" data-element_type=\"widget\" data-widget_type=\"icon-box.default\">\n\t\t\t\t<div class=\"elementor-widget-container\">\n\t\t\t\t\t<div class=\"elementor-icon-box-wrapper\">\n\t\t\t\t\t\t<div class=\"elementor-icon-box-icon\">\n\t\t\t\t<span class=\"elementor-icon elementor-animation-\" >\n\t\t\t\t<i aria-hidden=\"true\" class=\"fas fa-globe\"><\/i>\t\t\t\t<\/span>\n\t\t\t<\/div>\n\t\t\t\t\t\t<div class=\"elementor-icon-box-content\">\n\t\t\t\t<h3 class=\"elementor-icon-box-title\">\n\t\t\t\t\t<span  >\n\t\t\t\t\t\tJeotermal Kaynaklar\t\t\t\t\t<\/span>\n\t\t\t\t<\/h3>\n\t\t\t\t\t\t\t\t\t<p class=\"elementor-icon-box-description\">\n\t\t\t\t\t\tyenilenebilir enerji t\u00fcrlerinden biridir ve asla t\u00fckenmez. Bol miktarda jeotermal enerji, D\u00fcnya var oldu\u011fu s\u00fcrece mevcut olacakt\u0131r. D\u00fcnyan\u0131n i\u00e7 \u00e7ekirde\u011fi taraf\u0131ndan \u00fcretilen \u0131s\u0131dan elde edilen yenilenebilir bir enerji kayna\u011f\u0131d\u0131r ve dikkat etti\u011fimiz s\u00fcrece 7\/24\/365 kullan\u0131labilir.\t\t\t\t\t<\/p>\n\t\t\t\t\t\t\t<\/div>\n\t\t<\/div>\n\t\t\t\t<\/div>\n\t\t\t\t<\/div>\n\t\t\t\t\t<\/div>\n\t\t<\/div>\n\t\t\t\t\t\t\t<\/div>\n\t\t<\/section>\n\t\t\t\t\t<\/div>\n\t\t<\/div>\n\t\t\t\t\t\t\t<\/div>\n\t\t<\/section>\n\t\t\t\t\t\t\t<\/div>","protected":false},"excerpt":{"rendered":"<p>Lithium Production from Geothermal Geothermal energy refers to the heat that is naturally generated within the Earth&#8217;s crust, and it can be harnessed to generate electricity and produce hydrogen. The process of producing hydrogen from geothermal energy involves using the heat generated by geothermal sources to power the electrolysis of water, which produces hydrogen and [&hellip;]<\/p>","protected":false},"author":1,"featured_media":0,"parent":0,"menu_order":0,"comment_status":"closed","ping_status":"closed","template":"page-templates\/breadcrumb.php","meta":{"footnotes":""},"class_list":["post-6458","page","type-page","status-publish","hentry"],"_links":{"self":[{"href":"https:\/\/jeotermalenerji.com.tr\/tr\/wp-json\/wp\/v2\/pages\/6458","targetHints":{"allow":["GET"]}}],"collection":[{"href":"https:\/\/jeotermalenerji.com.tr\/tr\/wp-json\/wp\/v2\/pages"}],"about":[{"href":"https:\/\/jeotermalenerji.com.tr\/tr\/wp-json\/wp\/v2\/types\/page"}],"author":[{"embeddable":true,"href":"https:\/\/jeotermalenerji.com.tr\/tr\/wp-json\/wp\/v2\/users\/1"}],"replies":[{"embeddable":true,"href":"https:\/\/jeotermalenerji.com.tr\/tr\/wp-json\/wp\/v2\/comments?post=6458"}],"version-history":[{"count":7,"href":"https:\/\/jeotermalenerji.com.tr\/tr\/wp-json\/wp\/v2\/pages\/6458\/revisions"}],"predecessor-version":[{"id":6468,"href":"https:\/\/jeotermalenerji.com.tr\/tr\/wp-json\/wp\/v2\/pages\/6458\/revisions\/6468"}],"wp:attachment":[{"href":"https:\/\/jeotermalenerji.com.tr\/tr\/wp-json\/wp\/v2\/media?parent=6458"}],"curies":[{"name":"wp","href":"https:\/\/api.w.org\/{rel}","templated":true}]}}